{"id":65122,"date":"2025-09-29T16:04:03","date_gmt":"2025-09-29T16:04:03","guid":{"rendered":"https:\/\/greencode.ge\/?post_type=product&#038;p=65122"},"modified":"2025-09-29T16:04:03","modified_gmt":"2025-09-29T16:04:03","slug":"ds-2td6267-75c4l-w","status":"publish","type":"product","link":"https:\/\/greencode.ge\/en\/product\/ds-2td6267-75c4l-w\/","title":{"rendered":"DS-2TD6267-75C4L\/W"},"content":{"rendered":"<ul class=\"tech-specs-items-description\" data-target=\"Thermal Module\">\n<li class=\"tech-specs-items-description-list\"><span class=\"tech-specs-items-description__title--heading\">Thermal Module<\/span><\/li>\n<li class=\"tech-specs-items-description-list\"><span class=\"tech-specs-items-description__title\">Image Sensor<\/span><span class=\"tech-specs-items-description__title-details\">VOx Uncooled Focal Plane Arrays<\/span><\/li>\n<li class=\"tech-specs-items-description-list\"><span class=\"tech-specs-items-description__title\">Resolution<\/span><span class=\"tech-specs-items-description__title-details\">640 \u00d7 512<\/span><\/li>\n<li class=\"tech-specs-items-description-list\"><span class=\"tech-specs-items-description__title\">Pixel Interval<\/span><span class=\"tech-specs-items-description__title-details\">17 \u03bcm<\/span><\/li>\n<li class=\"tech-specs-items-description-list\"><span class=\"tech-specs-items-description__title\">Response Waveband<\/span><span class=\"tech-specs-items-description__title-details\">8 \u03bcm to 14 \u03bcm<\/span><\/li>\n<li class=\"tech-specs-items-description-list\"><span class=\"tech-specs-items-description__title\">NETD<\/span><span class=\"tech-specs-items-description__title-details\">Less than 35 mK (@25 \u00b0C,F#=1.0)<\/span><\/li>\n<li class=\"tech-specs-items-description-list\"><span class=\"tech-specs-items-description__title\">Focal Length<\/span><span class=\"tech-specs-items-description__title-details\">75 mm<\/span><\/li>\n<li class=\"tech-specs-items-description-list\"><span class=\"tech-specs-items-description__title\">Focus Mode<\/span><span class=\"tech-specs-items-description__title-details\">Semi-auto &amp; Manual<\/span><\/li>\n<li class=\"tech-specs-items-description-list\"><span class=\"tech-specs-items-description__title\">IFOV<\/span><span class=\"tech-specs-items-description__title-details\">0.23 mrad<\/span><\/li>\n<li class=\"tech-specs-items-description-list\"><span class=\"tech-specs-items-description__title\">Aperture<\/span><span class=\"tech-specs-items-description__title-details\">F1.0<\/span><\/li>\n<li class=\"tech-specs-items-description-list\"><span class=\"tech-specs-items-description__title\">Field of View<\/span><span class=\"tech-specs-items-description__title-details\">8.3\u00b0 \u00d7 6.64\u00b0(H \u00d7 V)<\/span><\/li>\n<li class=\"tech-specs-items-description-list\"><span class=\"tech-specs-items-description__title\">Min. Focusing Distance<\/span><span class=\"tech-specs-items-description__title-details\">8 m<\/span><\/li>\n<li class=\"tech-specs-items-description-list\"><span class=\"tech-specs-items-description__title\">Digital Zoom<\/span><span class=\"tech-specs-items-description__title-details\">\u00d71,\u00d72, \u00d74, \u00d78<\/span><\/li>\n<\/ul>\n<ul class=\"tech-specs-items-description\" data-target=\"Optical Module\">\n<li class=\"tech-specs-items-description-list\"><span class=\"tech-specs-items-description__title--heading\">Optical Module<\/span><\/li>\n<li class=\"tech-specs-items-description-list\"><span class=\"tech-specs-items-description__title\">Image Sensor<\/span><span class=\"tech-specs-items-description__title-details\">1\/1.8&#8243; Progressive Scan CMOS<\/span><\/li>\n<li class=\"tech-specs-items-description-list\"><span class=\"tech-specs-items-description__title\">Resolution<\/span><span class=\"tech-specs-items-description__title-details\">2688 \u00d7 1520, 4 MP<\/span><\/li>\n<li class=\"tech-specs-items-description-list\"><span class=\"tech-specs-items-description__title\">Min. Illumination<\/span><span class=\"tech-specs-items-description__title-details\">Color: 0.0005 Lux @ (F1.5, AGC ON), B\/W: 0.0001 Lux @ (F1.5, AGC ON)<\/span><\/li>\n<li class=\"tech-specs-items-description-list\"><span class=\"tech-specs-items-description__title\">Field of View<\/span><span class=\"tech-specs-items-description__title-details\">Wide: 0.92\u00b0 \u00d7 0.52\u00b0; Tele: 48.26\u00b0 \u00d7 28.43\u00b0<\/span><\/li>\n<li class=\"tech-specs-items-description-list\"><span class=\"tech-specs-items-description__title\">Focal Length<\/span><span class=\"tech-specs-items-description__title-details\">6 to 336 mm 56x<\/span><\/li>\n<li class=\"tech-specs-items-description-list\"><span class=\"tech-specs-items-description__title\">Aperture (Range)<\/span><span class=\"tech-specs-items-description__title-details\">F1.3-F4.0<\/span><\/li>\n<li class=\"tech-specs-items-description-list\"><span class=\"tech-specs-items-description__title\">Focus Mode<\/span><span class=\"tech-specs-items-description__title-details\">Semi-auto\/Manual<\/span><\/li>\n<li class=\"tech-specs-items-description-list\"><span class=\"tech-specs-items-description__title\">Shutter Speed<\/span><span class=\"tech-specs-items-description__title-details\">1.1 s to 1\/30,000 s<\/span><\/li>\n<li class=\"tech-specs-items-description-list\"><span class=\"tech-specs-items-description__title\">WDR<\/span><span class=\"tech-specs-items-description__title-details\">120 dB<\/span><\/li>\n<li class=\"tech-specs-items-description-list\"><span class=\"tech-specs-items-description__title\">Optical Defog<\/span><span class=\"tech-specs-items-description__title-details\">Yes<\/span><\/li>\n<\/ul>\n<ul class=\"tech-specs-items-description\" data-target=\"Image Effect\">\n<li class=\"tech-specs-items-description-list\"><span class=\"tech-specs-items-description__title--heading\">Image Effect<\/span><\/li>\n<li class=\"tech-specs-items-description-list\"><span class=\"tech-specs-items-description__title\">Picture in Picture<\/span><span class=\"tech-specs-items-description__title-details\">Display partial image of thermal channel on the full screen of optical channel<\/span><\/li>\n<li class=\"tech-specs-items-description-list\"><span class=\"tech-specs-items-description__title\">Target Coloration<\/span><span class=\"tech-specs-items-description__title-details\">Yes. Supported in white hot and black hot mode.<\/span><\/li>\n<\/ul>\n<ul class=\"tech-specs-items-description\" data-target=\"PTZ\">\n<li class=\"tech-specs-items-description-list\"><span class=\"tech-specs-items-description__title--heading\">PTZ<\/span><\/li>\n<li class=\"tech-specs-items-description-list\"><span class=\"tech-specs-items-description__title\">Movement Range<\/span><span class=\"tech-specs-items-description__title-details\">Pan: 360\u00b0 Continuous Rotate; Tilt: From -90\u00b0 to + 40\u00b0 (auto flip)<\/span><\/li>\n<li class=\"tech-specs-items-description-list\"><span class=\"tech-specs-items-description__title\">Pan Speed<\/span><span class=\"tech-specs-items-description__title-details\">Configurable, From 0.01\u00b0\/s to 110\u00b0\/s<\/span><\/li>\n<li class=\"tech-specs-items-description-list\"><span class=\"tech-specs-items-description__title\">Tilt Speed<\/span><span class=\"tech-specs-items-description__title-details\">Configurable, From 0.01\u00b0\/s to 50\u00b0\/s<\/span><\/li>\n<li class=\"tech-specs-items-description-list\"><span class=\"tech-specs-items-description__title\">Proportional Zoom<\/span><span class=\"tech-specs-items-description__title-details\">Yes<\/span><\/li>\n<li class=\"tech-specs-items-description-list\"><span class=\"tech-specs-items-description__title\">Presets<\/span><span class=\"tech-specs-items-description__title-details\">300 in total<\/span><\/li>\n<li class=\"tech-specs-items-description-list\"><span class=\"tech-specs-items-description__title\">Patrol Scan<\/span><span class=\"tech-specs-items-description__title-details\">8; Up to 32 Presets Per Patrol<\/span><\/li>\n<li class=\"tech-specs-items-description-list\"><span class=\"tech-specs-items-description__title\">Pattern Scan<\/span><span class=\"tech-specs-items-description__title-details\">4; More Than 10 Minutes Per Pattern<\/span><\/li>\n<li class=\"tech-specs-items-description-list\"><span class=\"tech-specs-items-description__title\">Power Off Memory<\/span><span class=\"tech-specs-items-description__title-details\">Yes<\/span><\/li>\n<li class=\"tech-specs-items-description-list\"><span class=\"tech-specs-items-description__title\">Park<\/span><span class=\"tech-specs-items-description__title-details\">Preset\/Pattern Scan\/Patrol Scan\/Auto Scan\/Tilt Scan\/Random Scan\/Frame Scan\/Panorama Scan<\/span><\/li>\n<li class=\"tech-specs-items-description-list\"><span class=\"tech-specs-items-description__title\">PT Status<\/span><span class=\"tech-specs-items-description__title-details\">Turn On\/Turn Off<\/span><\/li>\n<li class=\"tech-specs-items-description-list\"><span class=\"tech-specs-items-description__title\">Scheduled Task<\/span><span class=\"tech-specs-items-description__title-details\">Preset\/Pattern Scan\/Patrol Scan\/Auto Scan\/Tilt Scan\/Random Scan\/Frame Scan\/Panorama Scan\/Doom Reboot\/Doom Adjust\/Aux Output<\/span><\/li>\n<\/ul>\n<ul class=\"tech-specs-items-description\" data-target=\"Illuminator\">\n<li class=\"tech-specs-items-description-list\"><span class=\"tech-specs-items-description__title--heading\">Illuminator<\/span><\/li>\n<li class=\"tech-specs-items-description-list\"><span class=\"tech-specs-items-description__title\">IR Distance<\/span><span class=\"tech-specs-items-description__title-details\">Up to 800 m<\/span><\/li>\n<li class=\"tech-specs-items-description-list\"><span class=\"tech-specs-items-description__title\">IR Intensity and Angle<\/span><span class=\"tech-specs-items-description__title-details\">Automatically adjusted<\/span><\/li>\n<\/ul>\n<ul class=\"tech-specs-items-description\" data-target=\"Smart Function\">\n<li class=\"tech-specs-items-description-list\"><span class=\"tech-specs-items-description__title--heading\">Smart Function<\/span><\/li>\n<li class=\"tech-specs-items-description-list\"><span class=\"tech-specs-items-description__title\">VCA<\/span><span class=\"tech-specs-items-description__title-details\">Support 4 VCA rule types (Line Crossing, Intrusion, Region Entrance, and Region Exiting), up to 10 scenes and 8 VCA rules for each scene<\/span><\/li>\n<li class=\"tech-specs-items-description-list\"><span class=\"tech-specs-items-description__title\">Temperature Measurement<\/span><span class=\"tech-specs-items-description__title-details\">Support 3 temperature measurement rule types, 273 presets as scene, 21 rules of each scene (10 points, 10 areas, and 1 line)<\/span><\/li>\n<li class=\"tech-specs-items-description-list\"><span class=\"tech-specs-items-description__title\">Temperature Range<\/span><span class=\"tech-specs-items-description__title-details\">-20 \u00b0C to 150 \u00b0C (-4 \u00b0F to 302 \u00b0F)<\/span><\/li>\n<li class=\"tech-specs-items-description-list\"><span class=\"tech-specs-items-description__title\">Temperature Accuracy<\/span><span class=\"tech-specs-items-description__title-details\">\u00b1 8 \u00b0C (\u00b114.4 \u00b0F)<\/span><\/li>\n<li class=\"tech-specs-items-description-list\"><span class=\"tech-specs-items-description__title\">Fire Detection<\/span><span class=\"tech-specs-items-description__title-details\">Dynamic fire point detection, up to 10 fire points detectable.<\/span><\/li>\n<\/ul>\n<ul class=\"tech-specs-items-description\" data-target=\"Video and Audio\">\n<li class=\"tech-specs-items-description-list\"><span class=\"tech-specs-items-description__title--heading\">Video and Audio<\/span><\/li>\n<li class=\"tech-specs-items-description-list\"><span class=\"tech-specs-items-description__title\">Main Stream<\/span>\n<p class=\"mb-p\">Optical channel<\/p>\n<p class=\"mb-p\">50 Hz: 25 fps (2688 \u00d7 1520\uff0c1920 \u00d7 1080, 1280 \u00d7 960, 1280 \u00d7 720)<\/p>\n<p class=\"mb-p\">60 Hz: 30 fps (2688 \u00d7 1520\uff0c1920 \u00d7 1080, 1280 \u00d7 960, 1280 \u00d7 720)<\/p>\n<p class=\"mb-p\">Thermal channel<\/p>\n<p class=\"mb-p\">50 fps (1920 \u00d7 1080, 1280 \u00d7 960, 1280 \u00d7 720, 704 x 576, 640 x 512, 384 x 288)<\/p>\n<p class=\"mb-p\">\n<\/li>\n<li class=\"tech-specs-items-description-list\"><span class=\"tech-specs-items-description__title\">Sub-stream<\/span>\n<p class=\"mb-p\">Optical channel<\/p>\n<p class=\"mb-p\">50 Hz: 25fps (704 \u00d7 576, 352 \u00d7 288)<\/p>\n<p class=\"mb-p\">60 Hz: 30 fps (704 \u00d7 576, 352 \u00d7 288)<\/p>\n<p class=\"mb-p\">Thermal channel<\/p>\n<p class=\"mb-p\">50 fps (704 \u00d7 576, 640 \u00d7 512, 384 \u00d7 288)<\/p>\n<p class=\"mb-p\">\n<\/li>\n<li class=\"tech-specs-items-description-list\"><span class=\"tech-specs-items-description__title\">Video Compression<\/span>\n<p class=\"mb-p\">Main stream: H.265+\/H.265\/H.264+\/ H.264<\/p>\n<p class=\"mb-p\">Sub-stream: H.265\/H.264\/MJPEG<\/p>\n<p class=\"mb-p\">\n<\/li>\n<li class=\"tech-specs-items-description-list\"><span class=\"tech-specs-items-description__title\">Audio Compression<\/span><span class=\"tech-specs-items-description__title-details\">G .711u\/G.711a\/G.722.1\/MP2L2\/G.726\/PCM<\/span><\/li>\n<\/ul>\n<ul class=\"tech-specs-items-description\" data-target=\"Network\">\n<li class=\"tech-specs-items-description-list\"><span class=\"tech-specs-items-description__title--heading\">Network<\/span><\/li>\n<li class=\"tech-specs-items-description-list\"><span class=\"tech-specs-items-description__title\">Protocols<\/span><span class=\"tech-specs-items-description__title-details\">IPv4\/IPv6, HTTP, HTTPS, 802.1x, Qos, FTP, SMTP, UPnP, SNMP, DNS, DDNS, NTP, RTSP, RTCP, RTP, TCP, UDP, IGMP, ICMP, DHCP, PPPoE<\/span><\/li>\n<li class=\"tech-specs-items-description-list\"><span class=\"tech-specs-items-description__title\">Network Storage<\/span><span class=\"tech-specs-items-description__title-details\">MicroSD\/SDHC\/SDXC card (up to 256 G) local storage, and NAS (NFS, SMB\/CIFS), auto network replenishment (ANR)<\/span><\/li>\n<li class=\"tech-specs-items-description-list\"><span class=\"tech-specs-items-description__title\">API<\/span><span class=\"tech-specs-items-description__title-details\">ISAPI, HIKVISION SDK, third-party management platform, ONVIF (Profile S, Profile G, Profile T)<\/span><\/li>\n<li class=\"tech-specs-items-description-list\"><span class=\"tech-specs-items-description__title\">Simultaneous Live View<\/span><span class=\"tech-specs-items-description__title-details\">Up to 20 channels<\/span><\/li>\n<li class=\"tech-specs-items-description-list\"><span class=\"tech-specs-items-description__title\">User\/Host level<\/span><span class=\"tech-specs-items-description__title-details\">Up to 32 users, 3 levels: Administrator, Operator, User<\/span><\/li>\n<li class=\"tech-specs-items-description-list\"><span class=\"tech-specs-items-description__title\">Security<\/span><span class=\"tech-specs-items-description__title-details\">User authentication (ID and password), MAC address binding, HTTPS encryption, IEEE 802.1x access control, IP address filtering<\/span><\/li>\n<li class=\"tech-specs-items-description-list\"><span class=\"tech-specs-items-description__title\">Client<\/span><span class=\"tech-specs-items-description__title-details\">iVMS-4200, Hik-Connect<\/span><\/li>\n<li class=\"tech-specs-items-description-list\"><span class=\"tech-specs-items-description__title\">Web Browser<\/span><span class=\"tech-specs-items-description__title-details\">Live view (plug-in allowed) : Internet Explorer 11 Live view (plug-in free) : Chrome 57.0 +, Firefox 52.0 + Local service : Chrome 57.0+, Firefox 52.0 +<\/span><\/li>\n<\/ul>\n<ul class=\"tech-specs-items-description\" data-target=\"Interface\">\n<li class=\"tech-specs-items-description-list\"><span class=\"tech-specs-items-description__title--heading\">Interface<\/span><\/li>\n<li class=\"tech-specs-items-description-list\"><span class=\"tech-specs-items-description__title\">Alarm Input<\/span><span class=\"tech-specs-items-description__title-details\">7-ch inputs (0-5 VDC)<\/span><\/li>\n<li class=\"tech-specs-items-description-list\"><span class=\"tech-specs-items-description__title\">Alarm Output<\/span><span class=\"tech-specs-items-description__title-details\">2-ch relay outputs, alarm response actions configurable<\/span><\/li>\n<li class=\"tech-specs-items-description-list\"><span class=\"tech-specs-items-description__title\">Alarm Action<\/span><span class=\"tech-specs-items-description__title-details\">Preset\/Patrol Scan\/Pattern Scan\/SD Card Record\/Relay Output\/Smart capture\/FTP upload\/Email linkage<\/span><\/li>\n<li class=\"tech-specs-items-description-list\"><span class=\"tech-specs-items-description__title\">Audio Input<\/span><span class=\"tech-specs-items-description__title-details\">1, 3.5 mm Mic in\/Line in interface. Line input: 2 &#8211; 2.4 V [p-p], output impedance: 1 K\u03a9 \u00b1 10%<\/span><\/li>\n<li class=\"tech-specs-items-description-list\"><span class=\"tech-specs-items-description__title\">Audio Output<\/span><span class=\"tech-specs-items-description__title-details\">Linear Level; Impedance: 600 \u03a9<\/span><\/li>\n<li class=\"tech-specs-items-description-list\"><span class=\"tech-specs-items-description__title\">Communication Interface<\/span>\n<p class=\"mb-p\">1, RJ45 10 M\/100 M Self-adaptive Ethernet interface.<\/p>\n<p class=\"mb-p\">1, RS-485 interface<\/p>\n<\/li>\n<li class=\"tech-specs-items-description-list\"><span class=\"tech-specs-items-description__title\">Analog Video Output<\/span><span class=\"tech-specs-items-description__title-details\">1.0 V [p-p]\/75 \u03a9, BNC for thermal channel<\/span><\/li>\n<\/ul>\n<ul class=\"tech-specs-items-description\" data-target=\"General\">\n<li class=\"tech-specs-items-description-list\"><span class=\"tech-specs-items-description__title--heading\">General<\/span><\/li>\n<li class=\"tech-specs-items-description-list\"><span class=\"tech-specs-items-description__title\">Web Client Language<\/span>\n<p class=\"mb-p\">32 languages<\/p>\n<p class=\"mb-p\">English, Russian, Estonian, Bulgarian, Hungarian, Greek, German, Italian, Czech, Slovak, French, Polish, Dutch, Portuguese, Spanish, Romanian, Danish, Swedish, Norwegian, Finnish, Croatian, Slovenian, Serbian, Turkish, Korean, Traditional Chinese, Thai, Vietnamese, Japanese, Latvian, Lithuanian, Portuguese (Brazil)<\/p>\n<\/li>\n<li class=\"tech-specs-items-description-list\"><span class=\"tech-specs-items-description__title\">Power<\/span><span class=\"tech-specs-items-description__title-details\">36VDC \u00b1 20%, 48VDC \u00b1 20%, two-core terminal block<\/span><\/li>\n<li class=\"tech-specs-items-description-list\"><span class=\"tech-specs-items-description__title\">Power Consumption<\/span>\n<p class=\"mb-p\">5 A, max. 120 W<\/p>\n<p class=\"mb-p\">\n<\/li>\n<li class=\"tech-specs-items-description-list\"><span class=\"tech-specs-items-description__title\">Work Temperature\/Humidity<\/span><span class=\"tech-specs-items-description__title-details\">From -40\u00b0C to 65\u00b0C (-40\u00b0F to 149\u00b0F); Humidity: 95% or Less<\/span><\/li>\n<li class=\"tech-specs-items-description-list\"><span class=\"tech-specs-items-description__title\">Wiper<\/span><span class=\"tech-specs-items-description__title-details\">Yes<\/span><\/li>\n<li class=\"tech-specs-items-description-list\"><span class=\"tech-specs-items-description__title\">Protection Level<\/span><span class=\"tech-specs-items-description__title-details\">IP66 Standard; TVS 6000V Lightning Protection, Surge Protection and Voltage Transient Protection<\/span><\/li>\n<li class=\"tech-specs-items-description-list\"><span class=\"tech-specs-items-description__title\">Dimension<\/span><span class=\"tech-specs-items-description__title-details\">486.1 mm \u00d7 337.6 mm \u00d7 450.3 mm (19.14 \u2018\u2019 \u00d7 13.29\u2018\u2019 \u00d7 17.73 \u2018\u2019)<\/span><\/li>\n<li class=\"tech-specs-items-description-list\"><span class=\"tech-specs-items-description__title-details\">Approx. 20 kg (44.092 lb)<\/span><\/li>\n<\/ul>\n<ul class=\"tech-specs-items-description\" data-target=\"Detection Range Table\/Smart Function Range\">\n<li class=\"tech-specs-items-description-list\"><span class=\"tech-specs-items-description__title--heading\">Detection Range Table\/Smart Function Range<\/span><\/li>\n<li class=\"tech-specs-items-description-list\"><span class=\"tech-specs-items-description__title\">VCA Range for Humans<\/span><span class=\"tech-specs-items-description__title-details\">525 m<\/span><\/li>\n<li class=\"tech-specs-items-description-list\"><span class=\"tech-specs-items-description__title\">VCA Range for Vehicles<\/span><span class=\"tech-specs-items-description__title-details\">1575 m<\/span><\/li>\n<\/ul>","protected":false},"excerpt":{"rendered":"<h1 class=\"prod_name prod_name-content\">Thermal &amp; Optical Bi-spectrum Network Positioning System<\/h1>\n<div class=\"product_description-content\">\n<ul class=\"product_description_item-list\">\n<li class=\"product_description_item\">Perimeter protection function, based on intelligent algorithm: line crossing, intrusion, region entrance &amp; exit<\/li>\n<li class=\"product_description_item\">Temperature exception alarm for fire prevention<\/li>\n<li class=\"product_description_item\">Fire detection smoke detection algorithm<\/li>\n<li class=\"product_description_item\">640 \u00d7 512 resolution 17 \u03bcm, VOx UFPA, NETD \u2264 35 mK (25 \u00b0C, F# = 1.0)<\/li>\n<li class=\"product_description_item\">Image processing technology: Liner, histogram, and self-adaptive thermal AGC mode, DDE, 3D DNR<\/li>\n<li class=\"product_description_item\">thermal channel supports EIS, conflicted with intelligent function<\/li>\n<\/ul>\n<\/div>","protected":false},"featured_media":52533,"comment_status":"open","ping_status":"closed","template":"","meta":[],"product_brand":[],"product_cat":[187],"product_tag":[],"class_list":{"0":"post-65122","1":"product","2":"type-product","3":"status-publish","4":"has-post-thumbnail","6":"product_cat-hikvision","8":"first","9":"instock","10":"shipping-taxable","11":"product-type-simple"},"_links":{"self":[{"href":"https:\/\/greencode.ge\/en\/wp-json\/wp\/v2\/product\/65122","targetHints":{"allow":["GET"]}}],"collection":[{"href":"https:\/\/greencode.ge\/en\/wp-json\/wp\/v2\/product"}],"about":[{"href":"https:\/\/greencode.ge\/en\/wp-json\/wp\/v2\/types\/product"}],"replies":[{"embeddable":true,"href":"https:\/\/greencode.ge\/en\/wp-json\/wp\/v2\/comments?post=65122"}],"wp:featuredmedia":[{"embeddable":true,"href":"https:\/\/greencode.ge\/en\/wp-json\/wp\/v2\/media\/52533"}],"wp:attachment":[{"href":"https:\/\/greencode.ge\/en\/wp-json\/wp\/v2\/media?parent=65122"}],"wp:term":[{"taxonomy":"product_brand","embeddable":true,"href":"https:\/\/greencode.ge\/en\/wp-json\/wp\/v2\/product_brand?post=65122"},{"taxonomy":"product_cat","embeddable":true,"href":"https:\/\/greencode.ge\/en\/wp-json\/wp\/v2\/product_cat?post=65122"},{"taxonomy":"product_tag","embeddable":true,"href":"https:\/\/greencode.ge\/en\/wp-json\/wp\/v2\/product_tag?post=65122"}],"curies":[{"name":"wp","href":"https:\/\/api.w.org\/{rel}","templated":true}]}}