{"id":65093,"date":"2025-09-29T16:03:42","date_gmt":"2025-09-29T16:03:42","guid":{"rendered":"https:\/\/greencode.ge\/?post_type=product&#038;p=65093"},"modified":"2025-09-29T16:03:42","modified_gmt":"2025-09-29T16:03:42","slug":"ds-7716nxi-k4","status":"publish","type":"product","link":"https:\/\/greencode.ge\/en\/product\/ds-7716nxi-k4\/","title":{"rendered":"DS-7716NXI-K4"},"content":{"rendered":"<ul class=\"tech-specs-items-description\" data-target=\"Intelligent Analytics\">\n<li class=\"tech-specs-items-description-list\"><span class=\"tech-specs-items-description__title--heading\">Intelligent Analytics<\/span><\/li>\n<li class=\"tech-specs-items-description-list\"><span class=\"tech-specs-items-description__title\">AI by Device<\/span><span class=\"tech-specs-items-description__title-details\">Facial recognition, perimeter protection, motion detection 2.0<\/span><\/li>\n<li class=\"tech-specs-items-description-list\"><span class=\"tech-specs-items-description__title\">AI by Camera<\/span><span class=\"tech-specs-items-description__title-details\">Facial recognition, perimeter protection, throwing objects from building, motion detection2.0, ANPR, VCA<\/span><\/li>\n<\/ul>\n<ul class=\"tech-specs-items-description\" data-target=\"Facial Recognition\">\n<li class=\"tech-specs-items-description-list\"><span class=\"tech-specs-items-description__title--heading\">Facial Recognition<\/span><\/li>\n<li class=\"tech-specs-items-description-list\"><span class=\"tech-specs-items-description__title\">Facial Detection and Analytics<\/span><span class=\"tech-specs-items-description__title-details\">Face picture comparison, human face capture, face picture search<\/span><\/li>\n<li class=\"tech-specs-items-description-list\"><span class=\"tech-specs-items-description__title\">Face Picture Library<\/span><span class=\"tech-specs-items-description__title-details\">Up to 16 face picture libraries, with up to 20,000 face pictures in total (each picture \u2264 4 MB, total capacity \u2264 1 GB)<\/span><\/li>\n<li class=\"tech-specs-items-description-list\"><span class=\"tech-specs-items-description__title\">Facial Detection and Analytics Performance<\/span><span class=\"tech-specs-items-description__title-details\">1-ch, 8 MP<\/span><\/li>\n<li class=\"tech-specs-items-description-list\"><span class=\"tech-specs-items-description__title\">Face Picture Comparison<\/span><span class=\"tech-specs-items-description__title-details\">4-ch<\/span><\/li>\n<\/ul>\n<ul class=\"tech-specs-items-description\" data-target=\"Motion Detection 2.0\">\n<li class=\"tech-specs-items-description-list\"><span class=\"tech-specs-items-description__title--heading\">Motion Detection 2.0<\/span><\/li>\n<li class=\"tech-specs-items-description-list\"><span class=\"tech-specs-items-description__title\">By Device<\/span><span class=\"tech-specs-items-description__title-details\">All channels, up to 4 MP (when enhanced SVC mode is enabled, up to 8 MP) video analysis for human and vehicle recognition to reduce false alarm<\/span><\/li>\n<li class=\"tech-specs-items-description-list\"><span class=\"tech-specs-items-description__title\">By Camera<\/span><span class=\"tech-specs-items-description__title-details\">All channels<\/span><\/li>\n<\/ul>\n<ul class=\"tech-specs-items-description\" data-target=\"Perimeter Protection\">\n<li class=\"tech-specs-items-description-list\"><span class=\"tech-specs-items-description__title--heading\">Perimeter Protection<\/span><\/li>\n<li class=\"tech-specs-items-description-list\"><span class=\"tech-specs-items-description__title\">By Device<\/span><span class=\"tech-specs-items-description__title-details\">2-ch, 4 MP (HD network camera, H.264\/H.265) video analysis for human and vehicle recognition to reduce false alarm<\/span><\/li>\n<li class=\"tech-specs-items-description-list\"><span class=\"tech-specs-items-description__title\">By Camera<\/span><span class=\"tech-specs-items-description__title-details\">All channels<\/span><\/li>\n<\/ul>\n<ul class=\"tech-specs-items-description\" data-target=\"Video and Audio\">\n<li class=\"tech-specs-items-description-list\"><span class=\"tech-specs-items-description__title--heading\">Video and Audio<\/span><\/li>\n<li class=\"tech-specs-items-description-list\"><span class=\"tech-specs-items-description__title\">IP Video Input<\/span><span class=\"tech-specs-items-description__title-details\">16-ch<\/span><\/li>\n<li class=\"tech-specs-items-description-list\"><span class=\"tech-specs-items-description__title\">Incoming Bandwidth<\/span><span class=\"tech-specs-items-description__title-details\">160 Mbps<\/span><\/li>\n<li class=\"tech-specs-items-description-list\"><span class=\"tech-specs-items-description__title\">Outgoing Bandwidth<\/span><span class=\"tech-specs-items-description__title-details\">160 Mbps<\/span><\/li>\n<li class=\"tech-specs-items-description-list\"><span class=\"tech-specs-items-description__title\">HDMI Output<\/span><span class=\"tech-specs-items-description__title-details\">1-ch, 4K (3840 \u00d7 2160)\/30Hz, 2K (2560 \u00d7 1440)\/60Hz, 1920 \u00d7 1080\/60Hz, 1600 \u00d7 1200\/60Hz, 1280 \u00d7 1024\/60Hz, 1280 \u00d7 720\/60Hz, 1024 \u00d7 768\/60Hz<\/span><\/li>\n<li class=\"tech-specs-items-description-list\"><span class=\"tech-specs-items-description__title\">VGA Output<\/span><span class=\"tech-specs-items-description__title-details\">1-ch, 1920 \u00d7 1080\/60Hz, 1280 \u00d7 1024\/60Hz, 1280 \u00d7 720\/60Hz<\/span><\/li>\n<li class=\"tech-specs-items-description-list\"><span class=\"tech-specs-items-description__title\">Video Output Mode<\/span><span class=\"tech-specs-items-description__title-details\">HDMI\/VGA independent output<\/span><\/li>\n<li class=\"tech-specs-items-description-list\"><span class=\"tech-specs-items-description__title\">CVBS Output<\/span><span class=\"tech-specs-items-description__title-details\">N\/A<\/span><\/li>\n<li class=\"tech-specs-items-description-list\"><span class=\"tech-specs-items-description__title\">Audio Output<\/span><span class=\"tech-specs-items-description__title-details\">1-ch, RCA (Linear, 1 K\u03a9)<\/span><\/li>\n<li class=\"tech-specs-items-description-list\"><span class=\"tech-specs-items-description__title\">Two-Way Audio<\/span><span class=\"tech-specs-items-description__title-details\">1-ch, RCA (2.0 Vp-p, 1 K\u03a9, using the audio input )<\/span><\/li>\n<\/ul>\n<ul class=\"tech-specs-items-description\" data-target=\"Decoding\">\n<li class=\"tech-specs-items-description-list\"><span class=\"tech-specs-items-description__title--heading\">Decoding<\/span><\/li>\n<li class=\"tech-specs-items-description-list\"><span class=\"tech-specs-items-description__title\">Decoding Format<\/span><span class=\"tech-specs-items-description__title-details\">H.265\/H.265+\/H.264+\/H.264<\/span><\/li>\n<li class=\"tech-specs-items-description-list\"><span class=\"tech-specs-items-description__title\">Recording Resolution<\/span><span class=\"tech-specs-items-description__title-details\">12 MP\/8 MP\/6 MP\/5 MP\/4 MP\/3 MP\/1080p\/UXGA\/ 720p\/VGA\/4CIF\/DCIF\/2CIF\/CIF\/QCIF<\/span><\/li>\n<li class=\"tech-specs-items-description-list\"><span class=\"tech-specs-items-description__title\">Synchronous playback<\/span><span class=\"tech-specs-items-description__title-details\">16-ch<\/span><\/li>\n<li class=\"tech-specs-items-description-list\"><span class=\"tech-specs-items-description__title\">Decoding Capability<\/span>\n<p class=\"mb-p\">AI on: 1-ch@12 MP (30 fps)\/2-ch@8 MP (30 fps)\/4-ch@4 MP (30 fps)\/8-ch@1080p (30 fps)<\/p>\n<p class=\"mb-p\">AI off: 2-ch@12 MP (30 fps)\/3-ch@8 MP (30 fps)\/6-ch@4 MP (30 fps)\/12-ch@1080p (30 fps)<\/p>\n<p class=\"mb-p\">Smooth Playback (HC) ON &amp; AI ON: 1-ch@12 MP (30 fps)\/1-ch@8 MP (30 fps)\/3-ch@4 MP (30 fps)\/7-ch@1080p (30 fps)<\/p>\n<p class=\"mb-p\">Smooth Playback (HC) ON &amp; AI OFF: 1-ch@12 MP (30 fps)\/2-ch@8 MP (30 fps)\/5-ch@4 MP (30 fps)\/11-ch@1080p (30 fps)<\/p>\n<\/li>\n<li class=\"tech-specs-items-description-list\"><span class=\"tech-specs-items-description__title\">Stream Type<\/span><span class=\"tech-specs-items-description__title-details\">Video, Video &amp; Audio<\/span><\/li>\n<li class=\"tech-specs-items-description-list\"><span class=\"tech-specs-items-description__title\">Audio Compression<\/span><span class=\"tech-specs-items-description__title-details\">G.711ulaw\/G.711alaw\/G.722\/G.726\/AAC<\/span><\/li>\n<\/ul>\n<ul class=\"tech-specs-items-description\" data-target=\"Network\">\n<li class=\"tech-specs-items-description-list\"><span class=\"tech-specs-items-description__title--heading\">Network<\/span><\/li>\n<li class=\"tech-specs-items-description-list\"><span class=\"tech-specs-items-description__title\">Remote Connection<\/span><span class=\"tech-specs-items-description__title-details\">128<\/span><\/li>\n<li class=\"tech-specs-items-description-list\"><span class=\"tech-specs-items-description__title\">API<\/span><span class=\"tech-specs-items-description__title-details\">ONVIF (profile S\/G); SDK; ISAPI<\/span><\/li>\n<li class=\"tech-specs-items-description-list\"><span class=\"tech-specs-items-description__title\">Compatible Browser<\/span><span class=\"tech-specs-items-description__title-details\">IE11, Chrome V57, Firefox V52, Safari V12, Edge V89, or above version<\/span><\/li>\n<li class=\"tech-specs-items-description-list\"><span class=\"tech-specs-items-description__title\">Network Protocol<\/span><span class=\"tech-specs-items-description__title-details\">TCP\/IP, DHCP, IPv4, IPv6, DNS, DDNS, NTP, RTSP, SADP, SMTP, SNMP, NFS, iSCSI, ISUP, UPnP\u2122, HTTP, HTTPS<\/span><\/li>\n<li class=\"tech-specs-items-description-list\"><span class=\"tech-specs-items-description__title\">Network Interface<\/span><span class=\"tech-specs-items-description__title-details\">2 RJ-45 10\/100\/1000 Mbps self-adaptive Ethernet interfaces<\/span><\/li>\n<\/ul>\n<ul class=\"tech-specs-items-description\" data-target=\"Auxiliary Interface\">\n<li class=\"tech-specs-items-description-list\"><span class=\"tech-specs-items-description__title--heading\">Auxiliary Interface<\/span><\/li>\n<li class=\"tech-specs-items-description-list\"><span class=\"tech-specs-items-description__title\">SATA<\/span><span class=\"tech-specs-items-description__title-details\">4 SATA interfaces<\/span><\/li>\n<li class=\"tech-specs-items-description-list\"><span class=\"tech-specs-items-description__title\">Capacity<\/span><span class=\"tech-specs-items-description__title-details\">Up to 16 TB capacity for each HDD<\/span><\/li>\n<li class=\"tech-specs-items-description-list\"><span class=\"tech-specs-items-description__title\">Serial Interface<\/span><span class=\"tech-specs-items-description__title-details\">2 RS-485 (half-duplex), 1 RS-232<\/span><\/li>\n<li class=\"tech-specs-items-description-list\"><span class=\"tech-specs-items-description__title\">Alarm In\/Out<\/span><span class=\"tech-specs-items-description__title-details\">16\/4 (16\/9 is optional)<\/span><\/li>\n<li class=\"tech-specs-items-description-list\"><span class=\"tech-specs-items-description__title\">USB Interface<\/span><span class=\"tech-specs-items-description__title-details\">Front panel: 2 \u00d7 USB 2.0; Rear panel: 1 \u00d7 USB 3.0<\/span><\/li>\n<li class=\"tech-specs-items-description-list\"><span class=\"tech-specs-items-description__title\">Ctrl 12V<\/span><span class=\"tech-specs-items-description__title-details\">N\/A (optional to support)<\/span><\/li>\n<li class=\"tech-specs-items-description-list\"><span class=\"tech-specs-items-description__title\">DC 12V<\/span><span class=\"tech-specs-items-description__title-details\">N\/A (optional to support)<\/span><\/li>\n<\/ul>\n<ul class=\"tech-specs-items-description\" data-target=\"General\">\n<li class=\"tech-specs-items-description-list\"><span class=\"tech-specs-items-description__title--heading\">General<\/span><\/li>\n<li class=\"tech-specs-items-description-list\"><span class=\"tech-specs-items-description__title\">GUI Language<\/span><span class=\"tech-specs-items-description__title-details\">English, Russian, Bulgarian, Hungarian, Greek, German, Italian, Czech, Slovak, French, Polish, Dutch, Portuguese, Spanish, Romanian, Turkish, Japanese, Danish, Swedish Language, Norwegian, Finnish, Korean, Traditional Chinese, Thai, Estonian, Vietnamese, Croatian, Slovenian, Serbian, Latvian, Lithuanian, Uzbek, Kazakh, Arabic, Ukrainian, Kyrgyz , Brazilian Portuguese, Indonesian<\/span><\/li>\n<li class=\"tech-specs-items-description-list\"><span class=\"tech-specs-items-description__title\">Power Supply<\/span><span class=\"tech-specs-items-description__title-details\">100 to 240 VAC, 50 to 60Hz<\/span><\/li>\n<li class=\"tech-specs-items-description-list\"><span class=\"tech-specs-items-description__title\">Consumption<\/span><span class=\"tech-specs-items-description__title-details\">\u2264 20 W (without HDD)<\/span><\/li>\n<li class=\"tech-specs-items-description-list\"><span class=\"tech-specs-items-description__title\">Working Temperature<\/span><span class=\"tech-specs-items-description__title-details\">-10 \u00b0C to 55 \u00b0C (14 \u00b0F to 131 \u00b0F)<\/span><\/li>\n<li class=\"tech-specs-items-description-list\"><span class=\"tech-specs-items-description__title\">Working Humidity<\/span><span class=\"tech-specs-items-description__title-details\">10 to 90 %<\/span><\/li>\n<li class=\"tech-specs-items-description-list\"><span class=\"tech-specs-items-description__title\">Dimension (W \u00d7 D \u00d7 H)<\/span><span class=\"tech-specs-items-description__title-details\">445 \u00d7 400 \u00d7 75 mm ( 17.5&#8243;\u00d7 15.7&#8243; \u00d7 3.0&#8243;)<\/span><\/li>\n<li class=\"tech-specs-items-description-list\"><span class=\"tech-specs-items-description__title-details\">\u2264 5 kg (without HDD, 11 lb.)<\/span><\/li>\n<\/ul>\n<ul class=\"tech-specs-items-description\" data-target=\"Certification\">\n<li class=\"tech-specs-items-description-list\"><span class=\"tech-specs-items-description__title--heading\">Certification<\/span><\/li>\n<li class=\"tech-specs-items-description-list\"><span class=\"tech-specs-items-description__title\">FCC<\/span><span class=\"tech-specs-items-description__title-details\">Part 15 Subpart B, ANSI C63.4-2014<\/span><\/li>\n<li class=\"tech-specs-items-description-list\"><span class=\"tech-specs-items-description__title\">CE<\/span><span class=\"tech-specs-items-description__title-details\">EN 55032: 2015, EN 61000-3-2, EN 61000-3-3, EN 50130-4, EN 55035: 2017<\/span><\/li>\n<li class=\"tech-specs-items-description-list\"><span class=\"tech-specs-items-description__title\">Obtained Certification<\/span><span class=\"tech-specs-items-description__title-details\">CE, FCC, IC, CB, KC, UL, Rohs, Reach, WEEE, RCM, UKCA, LOA, BIS<\/span><\/li>\n<\/ul>","protected":false},"excerpt":{"rendered":"<h1 class=\"prod_name prod_name-content\">16-ch 1.5U K Series AcuSense 4K NVR<\/h1>\n<div class=\"product_description-content\">\n<ul class=\"product_description_item-list\">\n<li class=\"product_description_item\">Up to 16-ch IP camera inputs<\/li>\n<li class=\"product_description_item\">H.265+\/H.265\/H.264+\/H.264 video formats<\/li>\n<li class=\"product_description_item\">Up to 2-ch@12 MP or 3-ch@8 MP or 6-ch@4 MP or 12-ch@1080p decoding capacity<\/li>\n<li class=\"product_description_item\">Up to 160 Mbps incoming bandwidth<\/li>\n<li class=\"product_description_item\">Adopt Hikvision Acusense technology to minimize manual effort and security costs<\/li>\n<\/ul>\n<\/div>","protected":false},"featured_media":52339,"comment_status":"open","ping_status":"closed","template":"","meta":[],"product_brand":[],"product_cat":[187],"product_tag":[],"class_list":{"0":"post-65093","1":"product","2":"type-product","3":"status-publish","4":"has-post-thumbnail","6":"product_cat-hikvision","8":"first","9":"instock","10":"shipping-taxable","11":"product-type-simple"},"_links":{"self":[{"href":"https:\/\/greencode.ge\/en\/wp-json\/wp\/v2\/product\/65093","targetHints":{"allow":["GET"]}}],"collection":[{"href":"https:\/\/greencode.ge\/en\/wp-json\/wp\/v2\/product"}],"about":[{"href":"https:\/\/greencode.ge\/en\/wp-json\/wp\/v2\/types\/product"}],"replies":[{"embeddable":true,"href":"https:\/\/greencode.ge\/en\/wp-json\/wp\/v2\/comments?post=65093"}],"wp:featuredmedia":[{"embeddable":true,"href":"https:\/\/greencode.ge\/en\/wp-json\/wp\/v2\/media\/52339"}],"wp:attachment":[{"href":"https:\/\/greencode.ge\/en\/wp-json\/wp\/v2\/media?parent=65093"}],"wp:term":[{"taxonomy":"product_brand","embeddable":true,"href":"https:\/\/greencode.ge\/en\/wp-json\/wp\/v2\/product_brand?post=65093"},{"taxonomy":"product_cat","embeddable":true,"href":"https:\/\/greencode.ge\/en\/wp-json\/wp\/v2\/product_cat?post=65093"},{"taxonomy":"product_tag","embeddable":true,"href":"https:\/\/greencode.ge\/en\/wp-json\/wp\/v2\/product_tag?post=65093"}],"curies":[{"name":"wp","href":"https:\/\/api.w.org\/{rel}","templated":true}]}}