{"id":65087,"date":"2025-09-29T16:03:35","date_gmt":"2025-09-29T16:03:35","guid":{"rendered":"https:\/\/greencode.ge\/?post_type=product&#038;p=65087"},"modified":"2025-09-29T16:03:35","modified_gmt":"2025-09-29T16:03:35","slug":"ds-9632ni-m8","status":"publish","type":"product","link":"https:\/\/greencode.ge\/en\/product\/ds-9632ni-m8\/","title":{"rendered":"DS-9632NI-M8"},"content":{"rendered":"<ul class=\"tech-specs-items-description\" data-target=\"Video and Audio\">\n<li class=\"tech-specs-items-description-list\"><span class=\"tech-specs-items-description__title--heading\">Video and Audio<\/span><\/li>\n<li class=\"tech-specs-items-description-list\"><span class=\"tech-specs-items-description__title\">IP Video Input<\/span><span class=\"tech-specs-items-description__title-details\">32-ch<\/span><\/li>\n<li class=\"tech-specs-items-description-list\"><span class=\"tech-specs-items-description__title\">Incoming Bandwidth<\/span><span class=\"tech-specs-items-description__title-details\">320 Mbps<\/span><\/li>\n<li class=\"tech-specs-items-description-list\"><span class=\"tech-specs-items-description__title\">Outgoing Bandwidth<\/span><span class=\"tech-specs-items-description__title-details\">400 Mbps<\/span><\/li>\n<li class=\"tech-specs-items-description-list\"><span class=\"tech-specs-items-description__title\">HDMI 1 Output<\/span><span class=\"tech-specs-items-description__title-details\">8K (7680 \u00d7 4320)\/30 Hz, 4K (3840 \u00d7 2160)\/60 Hz, 4K (3840 \u00d7 2160)\/30 Hz, 2K (2560 \u00d7 1440)\/60 Hz, 1920 \u00d7 1080\/60 Hz<\/span><\/li>\n<li class=\"tech-specs-items-description-list\"><span class=\"tech-specs-items-description__title\">HDMI 2 Output<\/span>\n<p class=\"mb-p\">4K (3840 \u00d7 2160)\/60 Hz, 4K (3840 \u00d7 2160)\/30 Hz, 2K (2560 \u00d7 1440)\/60 Hz, 1920 \u00d7 1080\/60 Hz<\/p>\n<p class=\"mb-p\">*: When HDMI 1 output resolution is 8K, the maximum HDMI 2 output resolution is 1080p.<\/p>\n<\/li>\n<li class=\"tech-specs-items-description-list\"><span class=\"tech-specs-items-description__title\">VGA 1 Output<\/span><span class=\"tech-specs-items-description__title-details\">1920 \u00d7 1080\/60 Hz<\/span><\/li>\n<li class=\"tech-specs-items-description-list\"><span class=\"tech-specs-items-description__title\">VGA 2 Output<\/span><span class=\"tech-specs-items-description__title-details\">1920 \u00d7 1080\/60 Hz<\/span><\/li>\n<li class=\"tech-specs-items-description-list\"><span class=\"tech-specs-items-description__title\">Video Output Mode<\/span>\n<p class=\"mb-p\">HDMI 1 and VGA 1 provide simultaneous video output, and work as the main output;<\/p>\n<p class=\"mb-p\">HDMI 2 and VGA 2 provide simultaneous video output, and work as the auxiliary output<\/p>\n<\/li>\n<li class=\"tech-specs-items-description-list\"><span class=\"tech-specs-items-description__title\">CVBS Output<\/span><span class=\"tech-specs-items-description__title-details\">1-ch, BNC (1.0 Vp-p, 75 \u03a9), resolution: PAL: 704 \u00d7 576, NTSC: 704 \u00d7 480<\/span><\/li>\n<li class=\"tech-specs-items-description-list\"><span class=\"tech-specs-items-description__title\">Audio Output<\/span><span class=\"tech-specs-items-description__title-details\">2-ch, RCA (Linear, 1 K\u03a9)<\/span><\/li>\n<li class=\"tech-specs-items-description-list\"><span class=\"tech-specs-items-description__title\">Two-Way Audio<\/span><span class=\"tech-specs-items-description__title-details\">1-ch, RCA (2.0 Vp-p, 1 K\u03a9, using the audio input)<\/span><\/li>\n<\/ul>\n<ul class=\"tech-specs-items-description\" data-target=\"Decoding\">\n<li class=\"tech-specs-items-description-list\"><span class=\"tech-specs-items-description__title--heading\">Decoding<\/span><\/li>\n<li class=\"tech-specs-items-description-list\"><span class=\"tech-specs-items-description__title\">Decoding Format<\/span><span class=\"tech-specs-items-description__title-details\">H.265+\/H.265\/H.264+\/H.264<\/span><\/li>\n<li class=\"tech-specs-items-description-list\"><span class=\"tech-specs-items-description__title\">Recording Resolution<\/span><span class=\"tech-specs-items-description__title-details\">32 MP\/24 MP\/12 MP\/8 MP\/7 MP\/6 MP\/5 MP\/4 MP\/3 MP\/1080p\/UXGA\/720p\/VGA\/4CIF\/DCIF\/2CIF\/CIF\/QCIF<\/span><\/li>\n<li class=\"tech-specs-items-description-list\"><span class=\"tech-specs-items-description__title\">Synchronous playback<\/span><span class=\"tech-specs-items-description__title-details\">16-ch<\/span><\/li>\n<li class=\"tech-specs-items-description-list\"><span class=\"tech-specs-items-description__title\">Decoding Capability<\/span><span class=\"tech-specs-items-description__title-details\">2-ch@32 MP (30 fps) + 2-ch@8 MP (30 fps)\/10-ch@8 MP (30 fps)\/20-ch@4 MP (30 fps)\/40-ch@1080p (30 fps)<\/span><\/li>\n<li class=\"tech-specs-items-description-list\"><span class=\"tech-specs-items-description__title\">Audio Compression<\/span><span class=\"tech-specs-items-description__title-details\">G.711ulaw\/G.711alaw\/G.722\/G.726\/AAC\/MP2L2\/PCM<\/span><\/li>\n<\/ul>\n<ul class=\"tech-specs-items-description\" data-target=\"Network\">\n<li class=\"tech-specs-items-description-list\"><span class=\"tech-specs-items-description__title--heading\">Network<\/span><\/li>\n<li class=\"tech-specs-items-description-list\"><span class=\"tech-specs-items-description__title\">Network Protocol<\/span><span class=\"tech-specs-items-description__title-details\">TCP\/IP, DHCP, IPv4, IPv6, DNS, DDNS, NTP, RTSP, SADP, SMTP, SNMP, NFS, iSCSI, ISUP, UPnP\u2122, HTTP, HTTPS, ONVIF(Version 2.2), OTAP<\/span><\/li>\n<li class=\"tech-specs-items-description-list\"><span class=\"tech-specs-items-description__title\">Network Interface<\/span><span class=\"tech-specs-items-description__title-details\">2, RJ-45 10\/100\/1000 Mbps self-adaptive Ethernet interface<\/span><\/li>\n<li class=\"tech-specs-items-description-list\"><span class=\"tech-specs-items-description__title\">Camera Access Protocol<\/span><span class=\"tech-specs-items-description__title-details\">ONVIF(Version 2.5), RTSP<\/span><\/li>\n<\/ul>\n<ul class=\"tech-specs-items-description\" data-target=\"RAID\">\n<li class=\"tech-specs-items-description-list\"><span class=\"tech-specs-items-description__title--heading\">RAID<\/span><\/li>\n<li class=\"tech-specs-items-description-list\"><span class=\"tech-specs-items-description__title\">RAID Type<\/span><span class=\"tech-specs-items-description__title-details\">RAID0, RAID1, RAID5, RAID6, RAID10<\/span><\/li>\n<\/ul>\n<ul class=\"tech-specs-items-description\" data-target=\"Auxiliary Interface\">\n<li class=\"tech-specs-items-description-list\"><span class=\"tech-specs-items-description__title--heading\">Auxiliary Interface<\/span><\/li>\n<li class=\"tech-specs-items-description-list\"><span class=\"tech-specs-items-description__title\">Serial Interface<\/span><span class=\"tech-specs-items-description__title-details\">1 RS-485 (full-duplex), 1 RS-232<\/span><\/li>\n<li class=\"tech-specs-items-description-list\"><span class=\"tech-specs-items-description__title\">SATA<\/span><span class=\"tech-specs-items-description__title-details\">8 SATA interfaces supporting hot-plug<\/span><\/li>\n<li class=\"tech-specs-items-description-list\"><span class=\"tech-specs-items-description__title\">eSATA<\/span><span class=\"tech-specs-items-description__title-details\">1 eSATA interface<\/span><\/li>\n<li class=\"tech-specs-items-description-list\"><span class=\"tech-specs-items-description__title\">Capacity<\/span><span class=\"tech-specs-items-description__title-details\">Up to 16 TB capacity for each disk<\/span><\/li>\n<li class=\"tech-specs-items-description-list\"><span class=\"tech-specs-items-description__title\">Alarm In\/Out<\/span><span class=\"tech-specs-items-description__title-details\">16\/9<\/span><\/li>\n<li class=\"tech-specs-items-description-list\"><span class=\"tech-specs-items-description__title\">USB Interface<\/span><span class=\"tech-specs-items-description__title-details\">Front panel: 2 \u00d7 USB 2.0; Rear panel: 2 \u00d7 USB 3.0<\/span><\/li>\n<li class=\"tech-specs-items-description-list\"><span class=\"tech-specs-items-description__title\">Ctrl 12V<\/span>\n<p class=\"mb-p\">Controllable 12 VDC, 1 A power output for external alarm device; The power will be turned on when the alarm output is triggered.<\/p>\n<p class=\"mb-p\">*: The Ctrl 12V power is controlled by alarm output 9.<\/p>\n<\/li>\n<li class=\"tech-specs-items-description-list\"><span class=\"tech-specs-items-description__title\">DC 12V<\/span><span class=\"tech-specs-items-description__title-details\">12 VDC, 1 A power output<\/span><\/li>\n<\/ul>\n<ul class=\"tech-specs-items-description\" data-target=\"General\">\n<li class=\"tech-specs-items-description-list\"><span class=\"tech-specs-items-description__title--heading\">General<\/span><\/li>\n<li class=\"tech-specs-items-description-list\"><span class=\"tech-specs-items-description__title\">Power Supply<\/span><span class=\"tech-specs-items-description__title-details\">100 to 240 VAC, 50 to 60 Hz<\/span><\/li>\n<li class=\"tech-specs-items-description-list\"><span class=\"tech-specs-items-description__title\">Consumption<\/span><span class=\"tech-specs-items-description__title-details\">\u2264 50 W (without HDD)<\/span><\/li>\n<li class=\"tech-specs-items-description-list\"><span class=\"tech-specs-items-description__title\">Working Temperature<\/span><span class=\"tech-specs-items-description__title-details\">-10 \u00b0C to 55 \u00b0C (14 \u00b0F to 131 \u00b0F)<\/span><\/li>\n<li class=\"tech-specs-items-description-list\"><span class=\"tech-specs-items-description__title\">Working Humidity<\/span><span class=\"tech-specs-items-description__title-details\">10% to 90%<\/span><\/li>\n<li class=\"tech-specs-items-description-list\"><span class=\"tech-specs-items-description__title\">Chassis<\/span><span class=\"tech-specs-items-description__title-details\">2U chassis<\/span><\/li>\n<li class=\"tech-specs-items-description-list\"><span class=\"tech-specs-items-description__title\">Dimension (W \u00d7 D \u00d7 H)<\/span><span class=\"tech-specs-items-description__title-details\">445 \u00d7 465 \u00d7 93 mm ( 17.5&#8243;\u00d7 18.3&#8243; \u00d7 3.7&#8243;)<\/span><\/li>\n<li class=\"tech-specs-items-description-list\"><span class=\"tech-specs-items-description__title-details\">\u2264 10 kg (without HDD, 22 lb.)<\/span><\/li>\n<\/ul>\n<ul class=\"tech-specs-items-description\" data-target=\"Certification\">\n<li class=\"tech-specs-items-description-list\"><span class=\"tech-specs-items-description__title--heading\">Certification<\/span><\/li>\n<li class=\"tech-specs-items-description-list\"><span class=\"tech-specs-items-description__title\">Obtained Certification<\/span><span class=\"tech-specs-items-description__title-details\">CE, FCC<\/span><\/li>\n<li class=\"tech-specs-items-description-list\"><span class=\"tech-specs-items-description__title\">CE<\/span><span class=\"tech-specs-items-description__title-details\">EN 55032:2015, EN 61000-3-2, EN 61000-3-3, EN 50130-4<\/span><\/li>\n<\/ul>","protected":false},"excerpt":{"rendered":"<h1 class=\"prod_name prod_name-content\">32-ch 2U 8K NVR<\/h1>\n<div class=\"product_description-content\">\n<ul class=\"product_description_item-list\">\n<li class=\"product_description_item\">Up to 32-ch IP camera inputs<\/li>\n<li class=\"product_description_item\">Up to 2-ch@32 MP\/2-ch@24 MP\/4-ch@12 MP\/8-ch@8 MP\/16-ch@4 MP\/32-ch@1080p decoding capacity<\/li>\n<li class=\"product_description_item\">Up to 320 Mbps incoming bandwidth and 400 Mbps outgoing bandwidth<\/li>\n<li class=\"product_description_item\">2 HDMI (different source) and 2 VGA (different source) interfaces, 8K or dual 4K video outputs<\/li>\n<li class=\"product_description_item\">Supports special cameras, including people counting camera, ANPR (automatic number plate recognition) camera, and fisheye camera<\/li>\n<li class=\"product_description_item\">Advanced streaming technology enables smooth live view in poor network conditions<\/li>\n<li class=\"product_description_item\">Supports RAID 0, 1, 5, 6, 10 and N+M hot spare for even more reliable data storage, effectively avoids data loss risks<\/li>\n<li class=\"product_description_item\">Up to 8-ch IP speakers can be connected<\/li>\n<\/ul>\n<\/div>","protected":false},"featured_media":52331,"comment_status":"open","ping_status":"closed","template":"","meta":[],"product_brand":[],"product_cat":[187],"product_tag":[],"class_list":{"0":"post-65087","1":"product","2":"type-product","3":"status-publish","4":"has-post-thumbnail","6":"product_cat-hikvision","8":"first","9":"instock","10":"shipping-taxable","11":"product-type-simple"},"_links":{"self":[{"href":"https:\/\/greencode.ge\/en\/wp-json\/wp\/v2\/product\/65087","targetHints":{"allow":["GET"]}}],"collection":[{"href":"https:\/\/greencode.ge\/en\/wp-json\/wp\/v2\/product"}],"about":[{"href":"https:\/\/greencode.ge\/en\/wp-json\/wp\/v2\/types\/product"}],"replies":[{"embeddable":true,"href":"https:\/\/greencode.ge\/en\/wp-json\/wp\/v2\/comments?post=65087"}],"wp:featuredmedia":[{"embeddable":true,"href":"https:\/\/greencode.ge\/en\/wp-json\/wp\/v2\/media\/52331"}],"wp:attachment":[{"href":"https:\/\/greencode.ge\/en\/wp-json\/wp\/v2\/media?parent=65087"}],"wp:term":[{"taxonomy":"product_brand","embeddable":true,"href":"https:\/\/greencode.ge\/en\/wp-json\/wp\/v2\/product_brand?post=65087"},{"taxonomy":"product_cat","embeddable":true,"href":"https:\/\/greencode.ge\/en\/wp-json\/wp\/v2\/product_cat?post=65087"},{"taxonomy":"product_tag","embeddable":true,"href":"https:\/\/greencode.ge\/en\/wp-json\/wp\/v2\/product_tag?post=65087"}],"curies":[{"name":"wp","href":"https:\/\/api.w.org\/{rel}","templated":true}]}}