{"id":64983,"date":"2025-09-29T16:02:01","date_gmt":"2025-09-29T16:02:01","guid":{"rendered":"https:\/\/greencode.ge\/?post_type=product&#038;p=64983"},"modified":"2025-09-29T16:02:02","modified_gmt":"2025-09-29T16:02:02","slug":"dvr-208g-f1-iraq","status":"publish","type":"product","link":"https:\/\/greencode.ge\/en\/product\/dvr-208g-f1-iraq\/","title":{"rendered":"DVR-208G-F1\/Iraq"},"content":{"rendered":"<ul class=\"tech-specs-items-description\" data-target=\"Perimeter Protection\">\n<li class=\"tech-specs-items-description-list\"><span class=\"tech-specs-items-description__title--heading\">Perimeter Protection<\/span><\/li>\n<li class=\"tech-specs-items-description-list\"><span class=\"tech-specs-items-description__title\">Line Crossing Detection\/Intrusion Detection<\/span><span class=\"tech-specs-items-description__title-details\">1-ch<\/span><\/li>\n<\/ul>\n<ul class=\"tech-specs-items-description\" data-target=\"Video and Audio\">\n<li class=\"tech-specs-items-description-list\"><span class=\"tech-specs-items-description__title--heading\">Video and Audio<\/span><\/li>\n<li class=\"tech-specs-items-description-list\"><span class=\"tech-specs-items-description__title\">IP Video Input<\/span>\n<p class=\"mb-p\">2-ch (up to 10-ch)<\/p>\n<p class=\"mb-p\">Up to 5 MP resolution<\/p>\n<p class=\"mb-p\">Support H.264+\/H.264 IP cameras<\/p>\n<\/li>\n<li class=\"tech-specs-items-description-list\"><span class=\"tech-specs-items-description__title\">Analog Video Input<\/span>\n<p class=\"mb-p\">8-ch<\/p>\n<p class=\"mb-p\">BNC interface (1.0 Vp-p, 75 \u03a9), supporting coaxitron connection<\/p>\n<\/li>\n<li class=\"tech-specs-items-description-list\"><span class=\"tech-specs-items-description__title\">HDTVI Input<\/span><span class=\"tech-specs-items-description__title-details\">1080p25, 1080p30, 720p25, 720p30<\/span><\/li>\n<li class=\"tech-specs-items-description-list\"><span class=\"tech-specs-items-description__title\">AHD Input<\/span><span class=\"tech-specs-items-description__title-details\">1080p25, 1080p30, 720p25, 720p30<\/span><\/li>\n<li class=\"tech-specs-items-description-list\"><span class=\"tech-specs-items-description__title\">HDCVI Input<\/span><span class=\"tech-specs-items-description__title-details\">1080p25, 1080p30, 720p25, 720p30<\/span><\/li>\n<li class=\"tech-specs-items-description-list\"><span class=\"tech-specs-items-description__title\">CVBS Input<\/span><span class=\"tech-specs-items-description__title-details\">Support<\/span><\/li>\n<li class=\"tech-specs-items-description-list\"><span class=\"tech-specs-items-description__title\">HDMI Output<\/span><span class=\"tech-specs-items-description__title-details\">1-ch, 1920 \u00d7 1080\/60Hz, 1280 \u00d7 1024\/60Hz, 1280 \u00d7 720\/60Hz, 1024 \u00d7 768\/60Hz<\/span><\/li>\n<li class=\"tech-specs-items-description-list\"><span class=\"tech-specs-items-description__title\">VGA Output<\/span><span class=\"tech-specs-items-description__title-details\">1-ch, 1920 \u00d7 1080\/60Hz, 1280 \u00d7 1024\/60Hz, 1280 \u00d7 720\/60Hz, 1024 \u00d7 768\/60Hz<\/span><\/li>\n<li class=\"tech-specs-items-description-list\"><span class=\"tech-specs-items-description__title\">Audio Input<\/span>\n<p class=\"mb-p\">1-ch, RCA (2.0 Vp-p, 1 K\u03a9)<\/p>\n<p class=\"mb-p\">8-ch via coaxial cable<\/p>\n<\/li>\n<li class=\"tech-specs-items-description-list\"><span class=\"tech-specs-items-description__title\">Audio Output<\/span><span class=\"tech-specs-items-description__title-details\">1-ch, RCA (Linear, 1 K\u03a9)<\/span><\/li>\n<li class=\"tech-specs-items-description-list\"><span class=\"tech-specs-items-description__title\">Two-Way Audio<\/span><span class=\"tech-specs-items-description__title-details\">Reuse the first audio input<\/span><\/li>\n<li class=\"tech-specs-items-description-list\"><span class=\"tech-specs-items-description__title\">Synchronous playback<\/span><span class=\"tech-specs-items-description__title-details\">8-ch<\/span><\/li>\n<\/ul>\n<ul class=\"tech-specs-items-description\" data-target=\"Recording\">\n<li class=\"tech-specs-items-description-list\"><span class=\"tech-specs-items-description__title--heading\">Recording<\/span><\/li>\n<li class=\"tech-specs-items-description-list\"><span class=\"tech-specs-items-description__title\">Video Compression<\/span><span class=\"tech-specs-items-description__title-details\">H.264+\/H.264<\/span><\/li>\n<li class=\"tech-specs-items-description-list\"><span class=\"tech-specs-items-description__title\">Encoding Resolution<\/span>\n<p class=\"mb-p\">When 1080p lite mode not enabled: 720p\/WD1\/4CIF\/VGA\/CIF<\/p>\n<p class=\"mb-p\">When 1080p lite mode enabled: 1080p lite\/HD 720p lite\/WD1\/4CIF\/VGA\/CIF<\/p>\n<\/li>\n<li class=\"tech-specs-items-description-list\"><span class=\"tech-specs-items-description__title\">Frame Rate<\/span>\n<p class=\"mb-p\">Main stream:<\/p>\n<p class=\"mb-p\">When 1080p lite mode not enabled:<\/p>\n<p class=\"mb-p\">For 720p stream access:<\/p>\n<p class=\"mb-p\">720p\/WD1\/4CIF\/VGA@12fps; CIF@25fps (P)\/30fps (N)<\/p>\n<p class=\"mb-p\">For SD stream access:<\/p>\n<p class=\"mb-p\">WD1\/4CIF\/VGA\/CIF@25fps (P)\/30fps (N)<\/p>\n<p class=\"mb-p\">When 1080p lite mode enabled:<\/p>\n<p class=\"mb-p\">1080p lite\/HD 720p lite\/WD1\/4CIF\/VGA@12fps; CIF@25fps (P)\/30fps (N)<\/p>\n<\/li>\n<li class=\"tech-specs-items-description-list\"><span class=\"tech-specs-items-description__title\">Video Bitrate<\/span><span class=\"tech-specs-items-description__title-details\">32 Kbps to 4 Mbps<\/span><\/li>\n<li class=\"tech-specs-items-description-list\"><span class=\"tech-specs-items-description__title\">Dual-stream<\/span><span class=\"tech-specs-items-description__title-details\">Support<\/span><\/li>\n<li class=\"tech-specs-items-description-list\"><span class=\"tech-specs-items-description__title\">Stream Type<\/span><span class=\"tech-specs-items-description__title-details\">Video, Video &amp; Audio<\/span><\/li>\n<li class=\"tech-specs-items-description-list\"><span class=\"tech-specs-items-description__title\">Audio Compression<\/span><span class=\"tech-specs-items-description__title-details\">G.711u<\/span><\/li>\n<li class=\"tech-specs-items-description-list\"><span class=\"tech-specs-items-description__title\">Audio Bitrate<\/span><span class=\"tech-specs-items-description__title-details\">64 Kbps<\/span><\/li>\n<\/ul>\n<ul class=\"tech-specs-items-description\" data-target=\"Network\">\n<li class=\"tech-specs-items-description-list\"><span class=\"tech-specs-items-description__title--heading\">Network<\/span><\/li>\n<li class=\"tech-specs-items-description-list\"><span class=\"tech-specs-items-description__title\">Remote Connection<\/span><span class=\"tech-specs-items-description__title-details\">64<\/span><\/li>\n<li class=\"tech-specs-items-description-list\"><span class=\"tech-specs-items-description__title\">Network Protocol<\/span><span class=\"tech-specs-items-description__title-details\">TCP\/IP, PPPoE, DHCP, HiLookVision, DNS, DDNS, NTP, SADP, SMTP, NFS, iSCSI, UPnP\u2122, HTTPS, ONVIF<\/span><\/li>\n<li class=\"tech-specs-items-description-list\"><span class=\"tech-specs-items-description__title\">Network Interface<\/span><span class=\"tech-specs-items-description__title-details\">1, RJ45 10M\/100M self-adaptive Ethernet interface<\/span><\/li>\n<\/ul>\n<ul class=\"tech-specs-items-description\" data-target=\"Auxiliary Interface\">\n<li class=\"tech-specs-items-description-list\"><span class=\"tech-specs-items-description__title--heading\">Auxiliary Interface<\/span><\/li>\n<li class=\"tech-specs-items-description-list\"><span class=\"tech-specs-items-description__title\">SATA<\/span><span class=\"tech-specs-items-description__title-details\">1 SATA interface<\/span><\/li>\n<li class=\"tech-specs-items-description-list\"><span class=\"tech-specs-items-description__title\">Capacity<\/span><span class=\"tech-specs-items-description__title-details\">Up to 6 TB capacity for each disk<\/span><\/li>\n<li class=\"tech-specs-items-description-list\"><span class=\"tech-specs-items-description__title\">USB Interface<\/span><span class=\"tech-specs-items-description__title-details\">N\/A<\/span><\/li>\n<li class=\"tech-specs-items-description-list\"><span class=\"tech-specs-items-description__title\">Alarm In\/Out<\/span><span class=\"tech-specs-items-description__title-details\">Rear panel: 2 \u00d7 USB 2.0<\/span><\/li>\n<\/ul>\n<ul class=\"tech-specs-items-description\" data-target=\"General\">\n<li class=\"tech-specs-items-description-list\"><span class=\"tech-specs-items-description__title--heading\">General<\/span><\/li>\n<li class=\"tech-specs-items-description-list\"><span class=\"tech-specs-items-description__title\">Power Supply<\/span><span class=\"tech-specs-items-description__title-details\">12 VDC, 1.5 A<\/span><\/li>\n<li class=\"tech-specs-items-description-list\"><span class=\"tech-specs-items-description__title\">Consumption<\/span><span class=\"tech-specs-items-description__title-details\">\u2264 12 W<\/span><\/li>\n<li class=\"tech-specs-items-description-list\"><span class=\"tech-specs-items-description__title\">Working Temperature<\/span><span class=\"tech-specs-items-description__title-details\">-10 \u00b0C to 55 \u00b0C (14 \u00b0F to 131 \u00b0F)<\/span><\/li>\n<li class=\"tech-specs-items-description-list\"><span class=\"tech-specs-items-description__title\">Working Humidity<\/span><span class=\"tech-specs-items-description__title-details\">10% to 90%<\/span><\/li>\n<li class=\"tech-specs-items-description-list\"><span class=\"tech-specs-items-description__title\">Dimension (W \u00d7 D \u00d7 H)<\/span><span class=\"tech-specs-items-description__title-details\">260 \u00d7 222 \u00d7 45 mm (10.2 \u00d7 8.7 \u00d7 1.8 inch)<\/span><\/li>\n<li class=\"tech-specs-items-description-list\"><span class=\"tech-specs-items-description__title-details\">\u2264 1 kg (2.2 lb)<\/span><\/li>\n<\/ul>","protected":false},"excerpt":{"rendered":"<h1 class=\"prod_name prod_name-content\">8-ch 1080p Lite 1U H.264 DVR<\/h1>\n<div class=\"product_description-content\">\n<ul class=\"product_description_item-list\">\n<li class=\"product_description_item\">5 signals input adaptively (HDTVI\/AHD\/CVI\/CVBS\/IP)<\/li>\n<li class=\"product_description_item\">Long distance transmission over UTP and coaxial cable<\/li>\n<li class=\"product_description_item\">Supports 1080p lite, and when enabled the image effect is similar with 1080p<\/li>\n<li class=\"product_description_item\">Encoding abilty up to 1080p lite @ 12 fps<\/li>\n<li class=\"product_description_item\">One HDD for continuous video recording<\/li>\n<li class=\"product_description_item\">Smart search for efficient playback.<\/li>\n<\/ul>\n<\/div>","protected":false},"featured_media":52202,"comment_status":"open","ping_status":"closed","template":"","meta":[],"product_brand":[],"product_cat":[187],"product_tag":[],"class_list":{"0":"post-64983","1":"product","2":"type-product","3":"status-publish","4":"has-post-thumbnail","6":"product_cat-hikvision","8":"first","9":"instock","10":"shipping-taxable","11":"product-type-simple"},"_links":{"self":[{"href":"https:\/\/greencode.ge\/en\/wp-json\/wp\/v2\/product\/64983","targetHints":{"allow":["GET"]}}],"collection":[{"href":"https:\/\/greencode.ge\/en\/wp-json\/wp\/v2\/product"}],"about":[{"href":"https:\/\/greencode.ge\/en\/wp-json\/wp\/v2\/types\/product"}],"replies":[{"embeddable":true,"href":"https:\/\/greencode.ge\/en\/wp-json\/wp\/v2\/comments?post=64983"}],"wp:featuredmedia":[{"embeddable":true,"href":"https:\/\/greencode.ge\/en\/wp-json\/wp\/v2\/media\/52202"}],"wp:attachment":[{"href":"https:\/\/greencode.ge\/en\/wp-json\/wp\/v2\/media?parent=64983"}],"wp:term":[{"taxonomy":"product_brand","embeddable":true,"href":"https:\/\/greencode.ge\/en\/wp-json\/wp\/v2\/product_brand?post=64983"},{"taxonomy":"product_cat","embeddable":true,"href":"https:\/\/greencode.ge\/en\/wp-json\/wp\/v2\/product_cat?post=64983"},{"taxonomy":"product_tag","embeddable":true,"href":"https:\/\/greencode.ge\/en\/wp-json\/wp\/v2\/product_tag?post=64983"}],"curies":[{"name":"wp","href":"https:\/\/api.w.org\/{rel}","templated":true}]}}