{"id":64724,"date":"2025-09-29T15:58:23","date_gmt":"2025-09-29T15:58:23","guid":{"rendered":"https:\/\/greencode.ge\/?post_type=product&#038;p=64724"},"modified":"2025-09-29T15:58:23","modified_gmt":"2025-09-29T15:58:23","slug":"p5-5lrv33xa-ai-for-ap","status":"publish","type":"product","link":"https:\/\/greencode.ge\/en\/product\/p5-5lrv33xa-ai-for-ap\/","title":{"rendered":"P5-5LRV(33x)A AI for AP"},"content":{"rendered":"<h2 class=\"section-title\">Technical Spec<\/h2>\n<div class=\"specification-wrap\" data-v-ab9fa402=\"\">\n<div class=\"specification-content-col custom-scroll\" data-v-ab9fa402=\"\">\n<table class=\"content-table\" data-v-ab9fa402=\"\">\n<tbody data-v-ab9fa402=\"\">\n<tr data-v-ab9fa402=\"\">\n<td class=\"content-table-title\" data-v-ab9fa402=\"\">Computing power<\/td>\n<td data-v-ab9fa402=\"\">1TOPS<\/td>\n<\/tr>\n<tr data-v-ab9fa402=\"\">\n<td class=\"content-table-title\" data-v-ab9fa402=\"\">Memory<\/td>\n<td data-v-ab9fa402=\"\">DDR31.0GB<\/td>\n<\/tr>\n<tr data-v-ab9fa402=\"\">\n<td class=\"content-table-title\" data-v-ab9fa402=\"\">Flash type<\/td>\n<td data-v-ab9fa402=\"\">SPI NAND FLASH 256.0 MB<\/td>\n<\/tr>\n<tr data-v-ab9fa402=\"\">\n<td class=\"content-table-title\" data-v-ab9fa402=\"\">Focal length<\/td>\n<td data-v-ab9fa402=\"\">5.3-175mm Varifocal Motorized<\/td>\n<\/tr>\n<tr data-v-ab9fa402=\"\">\n<td class=\"content-table-title\" data-v-ab9fa402=\"\">Max Aperture<\/td>\n<td data-v-ab9fa402=\"\">F1.6(W)-F4.4(T)<\/td>\n<\/tr>\n<tr data-v-ab9fa402=\"\">\n<td class=\"content-table-title\" data-v-ab9fa402=\"\">Image sensor<\/td>\n<td data-v-ab9fa402=\"\">1\/2.7&#8243; CMOS Progressive Scan\/5MP 2880(H)*1620(V)<\/td>\n<\/tr>\n<tr data-v-ab9fa402=\"\">\n<td class=\"content-table-title\" data-v-ab9fa402=\"\">Lens aperture type<\/td>\n<td data-v-ab9fa402=\"\">DC iris+Hall sensor<\/td>\n<\/tr>\n<tr data-v-ab9fa402=\"\">\n<td class=\"content-table-title\" data-v-ab9fa402=\"\">Angle of view<\/td>\n<td data-v-ab9fa402=\"\">Horizontal AoV: 2.3\u00b0 (T) to 55.8\u00b0 (W) Vertical AoV: 1.3\u00b0 (T) to 40.2\u00b0 (W) AoV deviation: \u2264 5%<\/td>\n<\/tr>\n<tr data-v-ab9fa402=\"\">\n<td class=\"content-table-title\" data-v-ab9fa402=\"\">IR range<\/td>\n<td data-v-ab9fa402=\"\">150m<\/td>\n<\/tr>\n<tr data-v-ab9fa402=\"\">\n<td class=\"content-table-title\" data-v-ab9fa402=\"\">Illumination distance<\/td>\n<td data-v-ab9fa402=\"\">30m<\/td>\n<\/tr>\n<tr data-v-ab9fa402=\"\">\n<td class=\"content-table-title\" data-v-ab9fa402=\"\">Zoom<\/td>\n<td data-v-ab9fa402=\"\">Digital zoom: 16x; Optical zoom: 33x<\/td>\n<\/tr>\n<tr data-v-ab9fa402=\"\">\n<td class=\"content-table-title\" data-v-ab9fa402=\"\">IR Wavelength<\/td>\n<td data-v-ab9fa402=\"\">850 nm<\/td>\n<\/tr>\n<tr data-v-ab9fa402=\"\">\n<td class=\"content-table-title\" data-v-ab9fa402=\"\">DORI D(m) W<\/td>\n<td data-v-ab9fa402=\"\">106.0<\/td>\n<\/tr>\n<tr data-v-ab9fa402=\"\">\n<td class=\"content-table-title\" data-v-ab9fa402=\"\">DORI D(m) T<\/td>\n<td data-v-ab9fa402=\"\">2700.0<\/td>\n<\/tr>\n<tr data-v-ab9fa402=\"\">\n<td class=\"content-table-title\" data-v-ab9fa402=\"\">DORI O(m) W<\/td>\n<td data-v-ab9fa402=\"\">42.7<\/td>\n<\/tr>\n<tr data-v-ab9fa402=\"\">\n<td class=\"content-table-title\" data-v-ab9fa402=\"\">DORI O(m) T<\/td>\n<td data-v-ab9fa402=\"\">1088.7<\/td>\n<\/tr>\n<tr data-v-ab9fa402=\"\">\n<td class=\"content-table-title\" data-v-ab9fa402=\"\">DORI R(m) W<\/td>\n<td data-v-ab9fa402=\"\">21.2<\/td>\n<\/tr>\n<tr data-v-ab9fa402=\"\">\n<td class=\"content-table-title\" data-v-ab9fa402=\"\">DORI R(m) T<\/td>\n<td data-v-ab9fa402=\"\">540<\/td>\n<\/tr>\n<tr data-v-ab9fa402=\"\">\n<td class=\"content-table-title\" data-v-ab9fa402=\"\">DORI I(m) W<\/td>\n<td data-v-ab9fa402=\"\">10.6<\/td>\n<\/tr>\n<tr data-v-ab9fa402=\"\">\n<td class=\"content-table-title\" data-v-ab9fa402=\"\">DORI I(m) T<\/td>\n<td data-v-ab9fa402=\"\">270<\/td>\n<\/tr>\n<tr data-v-ab9fa402=\"\">\n<td class=\"content-table-title\" data-v-ab9fa402=\"\">PTZ rotation angle<\/td>\n<td data-v-ab9fa402=\"\">Pan: 0\u00b0\uff5e360\u00b0 Continues Vertical-15\u00b0\uff5e90\u00b0<\/td>\n<\/tr>\n<tr data-v-ab9fa402=\"\">\n<td class=\"content-table-title\" data-v-ab9fa402=\"\">Pan speed<\/td>\n<td data-v-ab9fa402=\"\">Maximum speed for rotating to a preset position: 100\u00b0\/s; manual control speed: 0.1\u00b0\/s to 100\u00b0\/s Note: The PTZ rotation speed needs to be limited in the case of low temperature. Temperature for entering the speed limit mode: \u201320\u00b0C Temperature for exiting the speed limit mode: \u201310\u00b0C Max pan speed: 30\u00b0\/s Max tilt speed: 20\u00b0\/s<\/td>\n<\/tr>\n<tr data-v-ab9fa402=\"\">\n<td class=\"content-table-title\" data-v-ab9fa402=\"\">Tilt speed<\/td>\n<td data-v-ab9fa402=\"\">Maximum speed for rotating to a preset position: 80\u00b0\/s; manual control speed: 0.1\u00b0 \/s to 80\u00b0\/s Note: The PTZ rotation speed needs to be limited in the case of low temperature. Temperature for entering the speed limit mode: \u201320\u00b0C Temperature for exiting the speed limit mode: \u201310\u00b0C Max pan speed: 30\u00b0\/s Max tilt speed: 20\u00b0\/s<\/td>\n<\/tr>\n<tr data-v-ab9fa402=\"\">\n<td class=\"content-table-title\" data-v-ab9fa402=\"\">Park action<\/td>\n<td data-v-ab9fa402=\"\">Supported<\/td>\n<\/tr>\n<tr data-v-ab9fa402=\"\">\n<td class=\"content-table-title\" data-v-ab9fa402=\"\">Tour<\/td>\n<td data-v-ab9fa402=\"\">Supported<\/td>\n<\/tr>\n<tr data-v-ab9fa402=\"\">\n<td class=\"content-table-title\" data-v-ab9fa402=\"\">Preset position<\/td>\n<td data-v-ab9fa402=\"\">512 (including one home position)<\/td>\n<\/tr>\n<tr data-v-ab9fa402=\"\">\n<td class=\"content-table-title\" data-v-ab9fa402=\"\">Home position<\/td>\n<td data-v-ab9fa402=\"\">One home position<\/td>\n<\/tr>\n<tr data-v-ab9fa402=\"\">\n<td class=\"content-table-title\" data-v-ab9fa402=\"\">Electronic Image Stabilization (EIS)<\/td>\n<td data-v-ab9fa402=\"\">Supported<\/td>\n<\/tr>\n<tr data-v-ab9fa402=\"\">\n<td class=\"content-table-title\" data-v-ab9fa402=\"\">Behavior analysis<\/td>\n<td data-v-ab9fa402=\"\">Fast movement\/Tripwire crossing\/Intrusion\/Area entry or exit \/Loitering<\/td>\n<\/tr>\n<tr data-v-ab9fa402=\"\">\n<td class=\"content-table-title\" data-v-ab9fa402=\"\">Crowd flow analysis<\/td>\n<td data-v-ab9fa402=\"\">Queue length\/Head counting\/Crowd flow statistics\/Attendance<\/td>\n<\/tr>\n<tr data-v-ab9fa402=\"\">\n<td class=\"content-table-title\" data-v-ab9fa402=\"\">Intelligent tracking<\/td>\n<td data-v-ab9fa402=\"\">Supported<\/td>\n<\/tr>\n<tr data-v-ab9fa402=\"\">\n<td class=\"content-table-title\" data-v-ab9fa402=\"\">Defocus<\/td>\n<td data-v-ab9fa402=\"\">Supported<\/td>\n<\/tr>\n<tr data-v-ab9fa402=\"\">\n<td class=\"content-table-title\" data-v-ab9fa402=\"\">Basic Event<\/td>\n<td data-v-ab9fa402=\"\">Motion detection\/Abandoned object detection\/Removed object detection<\/td>\n<\/tr>\n<tr data-v-ab9fa402=\"\">\n<td class=\"content-table-title\" data-v-ab9fa402=\"\">Alarm information<\/td>\n<td data-v-ab9fa402=\"\">HTTPS certificate expiration\/SDK certificate expiration\/App verification certificate expiration\/Level-2 app verification certificate expiration\/Mobile app certificate expiration\/SDK root certificate expiration\/SDK revocation certificate expiration\/GB 35114 certificate expiration\/802.1X certificate expiration\/Mobile app root certificate expiration\/Log certificate expiration\/Network disconnection\/Network packet receiving anomaly\/Full hard disk\/Hard disk removal\/Failure to write data to disks\/Media stream interrupted\/Log saving anomaly \/Flash read\/write\/Temperature sensor fault\/Hot swapping of network adapters\/Video loss\/Lens PT optocoupler fault\/PTZ configuration anomaly\/PTZ optocoupler fault\/Position change<\/td>\n<\/tr>\n<tr data-v-ab9fa402=\"\">\n<td class=\"content-table-title\" data-v-ab9fa402=\"\">Open OS<\/td>\n<td data-v-ab9fa402=\"\">Supported<\/td>\n<\/tr>\n<tr data-v-ab9fa402=\"\">\n<td class=\"content-table-title\" data-v-ab9fa402=\"\">Data openness<\/td>\n<td data-v-ab9fa402=\"\">SDK (proprietary protocol)\/REST API (proprietary protocol)\/GA\/T 1400\/GB\/T 28181 (2011, 2016) \/ONVIF Profile S\/G\/T\/M<\/td>\n<\/tr>\n<tr data-v-ab9fa402=\"\">\n<td class=\"content-table-title\" data-v-ab9fa402=\"\">Video encoding format<\/td>\n<td data-v-ab9fa402=\"\">MJPEG\/H.264\/H.265<\/td>\n<\/tr>\n<tr data-v-ab9fa402=\"\">\n<td class=\"content-table-title\" data-v-ab9fa402=\"\">Video encoding channels<\/td>\n<td data-v-ab9fa402=\"\">Triple streams<\/td>\n<\/tr>\n<tr data-v-ab9fa402=\"\">\n<td class=\"content-table-title\" data-v-ab9fa402=\"\">Intelligent encoding<\/td>\n<td data-v-ab9fa402=\"\">Extra265<\/td>\n<\/tr>\n<tr data-v-ab9fa402=\"\">\n<td class=\"content-table-title\" data-v-ab9fa402=\"\">Video frame rate<\/td>\n<td data-v-ab9fa402=\"\">Configurable (30 fps or 25 fps); default value: 25 fps<\/td>\n<\/tr>\n<tr data-v-ab9fa402=\"\">\n<td class=\"content-table-title\" data-v-ab9fa402=\"\">Scene adaptation<\/td>\n<td data-v-ab9fa402=\"\">Backlight adaptation\/Overcast adaptation<\/td>\n<\/tr>\n<tr data-v-ab9fa402=\"\">\n<td class=\"content-table-title\" data-v-ab9fa402=\"\">Min illumination<\/td>\n<td data-v-ab9fa402=\"\">Color: 0.005 lux (F1.2, AGC ON, 1\/30s shutter speed); B\/W: 0.0005 lux (F1.2, AGC ON, 1\/30s shutter speed) or 0 lux (infrared illuminator enabled)<\/td>\n<\/tr>\n<tr data-v-ab9fa402=\"\">\n<td class=\"content-table-title\" data-v-ab9fa402=\"\">Day\/Night mode<\/td>\n<td data-v-ab9fa402=\"\">Day\/Night mode: automatic (ICR), color, B\/W, and scheduled (default: automatic) Trigger mode: image triggered or internal signal triggered (default: image triggered)<\/td>\n<\/tr>\n<tr data-v-ab9fa402=\"\">\n<td class=\"content-table-title\" data-v-ab9fa402=\"\">WDR<\/td>\n<td data-v-ab9fa402=\"\">120dB<\/td>\n<\/tr>\n<tr data-v-ab9fa402=\"\">\n<td class=\"content-table-title\" data-v-ab9fa402=\"\">White balance<\/td>\n<td data-v-ab9fa402=\"\">Auto\/Manual\/OnePush<\/td>\n<\/tr>\n<tr data-v-ab9fa402=\"\">\n<td class=\"content-table-title\" data-v-ab9fa402=\"\">HLC\/BLC<\/td>\n<td data-v-ab9fa402=\"\">Supported\/Supported<\/td>\n<\/tr>\n<tr data-v-ab9fa402=\"\">\n<td class=\"content-table-title\" data-v-ab9fa402=\"\">Shutter speed<\/td>\n<td data-v-ab9fa402=\"\">Shutter speed range: 1\/100000s to 1\/25s Default value in live video mode: 1\/25s Default value in target checkpoint mode: 1\/25s Default value in micro checkpoint mode: 1\/25s Default value in behavior analysis mode: 1\/25s<\/td>\n<\/tr>\n<tr data-v-ab9fa402=\"\">\n<td class=\"content-table-title\" data-v-ab9fa402=\"\">SNR<\/td>\n<td data-v-ab9fa402=\"\">&gt;45dB<\/td>\n<\/tr>\n<tr data-v-ab9fa402=\"\">\n<td class=\"content-table-title\" data-v-ab9fa402=\"\">Primary stream resolution<\/td>\n<td data-v-ab9fa402=\"\">2880\u00d71620(5MP),2560\u00d71440(4MP),2304\u00d71296(3MP),1920\u00d71080 (1080P),1280\u00d7720(720P),720\u00d7576(PAL)<\/td>\n<\/tr>\n<tr data-v-ab9fa402=\"\">\n<td class=\"content-table-title\" data-v-ab9fa402=\"\">Secondary stream resolution<\/td>\n<td data-v-ab9fa402=\"\">Secondary stream 1:720\u00d7576(PAL),720\u00d7480(NTSC),352\u00d7288(PAL), 352\u00d7240(NTSC); Secondary stream 2:352\u00d7288(PAL),352\u00d7240(NTSC)<\/td>\n<\/tr>\n<tr data-v-ab9fa402=\"\">\n<td class=\"content-table-title\" data-v-ab9fa402=\"\">Video bit rate<\/td>\n<td data-v-ab9fa402=\"\">1080p to 4K: 512 kbit\/s to 16 Mbit\/s 1080p: 256 kbit\/s to 16 Mbit\/s 720p: 256 kbit\/s to 8 Mbit\/s D1: 256 kbit\/s to 4 Mbit\/s CIF: 32 kbit\/s to 1 Mbit\/s<\/td>\n<\/tr>\n<tr data-v-ab9fa402=\"\">\n<td class=\"content-table-title\" data-v-ab9fa402=\"\">Digital noise reduction<\/td>\n<td data-v-ab9fa402=\"\">2D\/3D noise reduction<\/td>\n<\/tr>\n<tr data-v-ab9fa402=\"\">\n<td class=\"content-table-title\" data-v-ab9fa402=\"\">Audio encoding format<\/td>\n<td data-v-ab9fa402=\"\">G.711a\/G.711u\/G.726\/OPUS\/AAC<\/td>\n<\/tr>\n<tr data-v-ab9fa402=\"\">\n<td class=\"content-table-title\" data-v-ab9fa402=\"\">Audio sampling rate<\/td>\n<td data-v-ab9fa402=\"\">G.711a\/G.711u\/G.726:8K OPUS:8K\/12K\/16K\/24K\/48K AAC:8K\/16K\/22. 05K\/24K\/32K\/44.1K\/48K<\/td>\n<\/tr>\n<tr data-v-ab9fa402=\"\">\n<td class=\"content-table-title\" data-v-ab9fa402=\"\">Audio bit rate<\/td>\n<td data-v-ab9fa402=\"\">G.711a\/G.711u: 64 kbit\/s; G.726: configurable (16\/24\/32\/40 kbit\/s); OPUS: configurable (16\/24\/32\/40\/64\/96\/128\/160\/192\/224\/256\/288 kbit\/s) AAC: 8 kHz sampling rate: 16\/22\/24\/32\/48 kbit\/s 16 kHz sampling rate: 24\/32\/48\/64\/96 kbit\/s 22.05\/24\/32 kHz sampling rate: 32\/48\/64\/96\/128 kbit\/s 44.1\/48 kHz sampling rate: 48\/64\/96\/128 \/256 kbit\/s<\/td>\n<\/tr>\n<tr data-v-ab9fa402=\"\">\n<td class=\"content-table-title\" data-v-ab9fa402=\"\">Protocols supported by IPv4<\/td>\n<td data-v-ab9fa402=\"\">TCP, UDP, IPv4, DHCP, DNS, ICMP, IGMP, HTTP,HTTPS, FTP, SFTP, RTP, RTSP, RTCP, SIP, ARP, SSL, NTP, SNMP (V1\/V2\/V3), 802.1X, QoS, SMTP, and PPPoE. Note: The northbound protocol needs to adapt to the PPPoE dialup scenario.<\/td>\n<\/tr>\n<tr data-v-ab9fa402=\"\">\n<td class=\"content-table-title\" data-v-ab9fa402=\"\">Protocols supported by IPv6<\/td>\n<td data-v-ab9fa402=\"\">HTTP,HTTPS,RTP,RTCP,RTSP,Onvif,IPv6,ICMPv6,DHCPv6<\/td>\n<\/tr>\n<tr data-v-ab9fa402=\"\">\n<td class=\"content-table-title\" data-v-ab9fa402=\"\">Web Browser<\/td>\n<td data-v-ab9fa402=\"\">32- or 64-bit Windows 7, Windows 8, or Windows 10 Google Chrome: 32-bit Google Chrome 38\u201349 (The IE Tab plug-in must be installed for Google Chrome 46\u201349.) 32- or 64-bit Google Chrome 50+ Internet Explorer: 32-bit Internet Explorer 10 and 11 Firefox: 32- bit Firefox 35\u201351 32- or 64-bit Firefox 70+ Microsoft Edge: 32- or 64- bit Microsoft Edge 50+ Restrictions: Compatibility problems may occur on the Firefox browser. (Pages may be out of order for a short time.)<\/td>\n<\/tr>\n<tr data-v-ab9fa402=\"\">\n<td class=\"content-table-title\" data-v-ab9fa402=\"\">Media security<\/td>\n<td data-v-ab9fa402=\"\">Supports web- or SDK-based media stream encryption; supports a maximum of two channels of encrypted media streams; media stream encryption and full intelligence, target recognition, or image upload through SFTP\/FTP cannot be enabled at the same time; after the intelligent analysis function is enabled, only one-channel stream encryption is supported; supports encrypted storage of data in SD cards. By default, RTSP uses MD5 digest authentication.<\/td>\n<\/tr>\n<tr data-v-ab9fa402=\"\">\n<td class=\"content-table-title\" data-v-ab9fa402=\"\">Video digital watermark<\/td>\n<td data-v-ab9fa402=\"\">Supported<\/td>\n<\/tr>\n<tr data-v-ab9fa402=\"\">\n<td class=\"content-table-title\" data-v-ab9fa402=\"\">Image digital watermark<\/td>\n<td data-v-ab9fa402=\"\">Supported<\/td>\n<\/tr>\n<tr data-v-ab9fa402=\"\">\n<td class=\"content-table-title\" data-v-ab9fa402=\"\">User rights<\/td>\n<td data-v-ab9fa402=\"\">Three user roles: administrator, advanced operator, and common operator<\/td>\n<\/tr>\n<tr data-v-ab9fa402=\"\">\n<td class=\"content-table-title\" data-v-ab9fa402=\"\">Security mode<\/td>\n<td data-v-ab9fa402=\"\">User name and password authentication, 802.1X authentication, and HTTPS digital certificate<\/td>\n<\/tr>\n<tr data-v-ab9fa402=\"\">\n<td class=\"content-table-title\" data-v-ab9fa402=\"\">Secure boot<\/td>\n<td data-v-ab9fa402=\"\">Supported<\/td>\n<\/tr>\n<tr data-v-ab9fa402=\"\">\n<td class=\"content-table-title\" data-v-ab9fa402=\"\">System intrusion detection<\/td>\n<td data-v-ab9fa402=\"\">Promiscuous network adapter detection;Sensitive system file detection;Unauthorized super account detection;Botnet detection; Rootkit detection;Trustlisted program detection ;Privilege escalation detection<\/td>\n<\/tr>\n<tr data-v-ab9fa402=\"\">\n<td class=\"content-table-title\" data-v-ab9fa402=\"\">Storage port<\/td>\n<td data-v-ab9fa402=\"\">One microSD card slot that supports microSDHC\/microSDXC (maximum memory card capacity: 256 GB)<\/td>\n<\/tr>\n<tr data-v-ab9fa402=\"\">\n<td class=\"content-table-title\" data-v-ab9fa402=\"\">Alarm port<\/td>\n<td data-v-ab9fa402=\"\">2 input port and 1 output port<\/td>\n<\/tr>\n<tr data-v-ab9fa402=\"\">\n<td class=\"content-table-title\" data-v-ab9fa402=\"\">Network port<\/td>\n<td data-v-ab9fa402=\"\">One RJ45 10M\/100Madaptive Ethernet port<\/td>\n<\/tr>\n<tr data-v-ab9fa402=\"\">\n<td class=\"content-table-title\" data-v-ab9fa402=\"\">Audio port<\/td>\n<td data-v-ab9fa402=\"\">Supported (one-channel LINE IN and one-channel built-in microphone)\/Supported (one- channel LINE OUT or one-channel speaker)<\/td>\n<\/tr>\n<tr data-v-ab9fa402=\"\">\n<td class=\"content-table-title\" data-v-ab9fa402=\"\">Power consumption<\/td>\n<td data-v-ab9fa402=\"\">Maximum:22.3W,typical:8.9W<\/td>\n<\/tr>\n<tr data-v-ab9fa402=\"\">\n<td class=\"content-table-title\" data-v-ab9fa402=\"\">Operating temperature<\/td>\n<td data-v-ab9fa402=\"\">\u201330\u00b0C to +60\u00b0C<\/td>\n<\/tr>\n<tr data-v-ab9fa402=\"\">\n<td class=\"content-table-title\" data-v-ab9fa402=\"\">Storage temperature<\/td>\n<td data-v-ab9fa402=\"\">-40\u2103 to 70\u2103<\/td>\n<\/tr>\n<tr data-v-ab9fa402=\"\">\n<td class=\"content-table-title\" data-v-ab9fa402=\"\">Operating humidity<\/td>\n<td data-v-ab9fa402=\"\">5% to 95%(non-condensing)<\/td>\n<\/tr>\n<tr data-v-ab9fa402=\"\">\n<td class=\"content-table-title\" data-v-ab9fa402=\"\">Surge protection<\/td>\n<td data-v-ab9fa402=\"\">6kV<\/td>\n<\/tr>\n<tr data-v-ab9fa402=\"\">\n<td class=\"content-table-title\" data-v-ab9fa402=\"\">IP rating<\/td>\n<td data-v-ab9fa402=\"\">IP66<\/td>\n<\/tr>\n<tr data-v-ab9fa402=\"\">\n<td class=\"content-table-title\" data-v-ab9fa402=\"\">Equipment Anti Corrosion<\/td>\n<td data-v-ab9fa402=\"\">Class C<\/td>\n<\/tr>\n<tr data-v-ab9fa402=\"\">\n<td class=\"content-table-title\" data-v-ab9fa402=\"\">Weight<\/td>\n<td data-v-ab9fa402=\"\">Net weight 2.6kg;Gross weight 4.5kg<\/td>\n<\/tr>\n<tr data-v-ab9fa402=\"\">\n<td class=\"content-table-title\" data-v-ab9fa402=\"\">Dimensions<\/td>\n<td data-v-ab9fa402=\"\">Device dimensions \u03c6202.6mm*260mm\uff1b;Package dimensions 285mm*285mm*375mm<\/td>\n<\/tr>\n<tr data-v-ab9fa402=\"\">\n<td class=\"content-table-title\" data-v-ab9fa402=\"\">Language<\/td>\n<td data-v-ab9fa402=\"\">Simplified Chinese, English, French, Spanish, Portuguese (Europe), Portuguese (Brazil), Thai, Italian, and Turkish<\/td>\n<\/tr>\n<\/tbody>\n<\/table>\n<\/div>\n<\/div>","protected":false},"excerpt":{"rendered":"<h3>1T5MPIR\/White-LightAIPTZDome CamerawithIntercom<\/h3>\n<ul class=\"summary-desc\" data-v-ab9fa402=\"\">\n<li data-v-ab9fa402=\"\">1TOPScomputingpower<\/li>\n<li data-v-ab9fa402=\"\">Supports automatic tracking,behavior analysis, crowd flow analysis,target detection,person detection,and object classification<\/li>\n<li data-v-ab9fa402=\"\">Supports backlight adaptation and overcast adaptation<\/li>\n<li data-v-ab9fa402=\"\">1\/2.7&#8243; Progressive Scan CMO Ssensor<\/li>\n<li data-v-ab9fa402=\"\">Software-definedarchitecture thatsupportsloadingandupgrade ofalgorithms<\/li>\n<li data-v-ab9fa402=\"\">120 dB super wide dynamic range(WDR),ensuring that both foreground and background objects are clearly identified in environments with sharp light contrast<\/li>\n<li data-v-ab9fa402=\"\">33x Optical Zoom to support for Lens and Focus control by web interface<\/li>\n<li data-v-ab9fa402=\"\">SD Card Storage redundancy,support to video data Endurance write to memory when the connection of camera is problem<\/li>\n<li data-v-ab9fa402=\"\">Support to connect to Holowits Video Recording and 3 Party Video Recording by ONVIF<\/li>\n<\/ul>","protected":false},"featured_media":51983,"comment_status":"open","ping_status":"closed","template":"","meta":[],"product_brand":[],"product_cat":[1647],"product_tag":[],"class_list":{"0":"post-64724","1":"product","2":"type-product","3":"status-publish","4":"has-post-thumbnail","6":"product_cat-ai-camera-holowits","8":"first","9":"instock","10":"shipping-taxable","11":"product-type-simple"},"_links":{"self":[{"href":"https:\/\/greencode.ge\/en\/wp-json\/wp\/v2\/product\/64724","targetHints":{"allow":["GET"]}}],"collection":[{"href":"https:\/\/greencode.ge\/en\/wp-json\/wp\/v2\/product"}],"about":[{"href":"https:\/\/greencode.ge\/en\/wp-json\/wp\/v2\/types\/product"}],"replies":[{"embeddable":true,"href":"https:\/\/greencode.ge\/en\/wp-json\/wp\/v2\/comments?post=64724"}],"wp:featuredmedia":[{"embeddable":true,"href":"https:\/\/greencode.ge\/en\/wp-json\/wp\/v2\/media\/51983"}],"wp:attachment":[{"href":"https:\/\/greencode.ge\/en\/wp-json\/wp\/v2\/media?parent=64724"}],"wp:term":[{"taxonomy":"product_brand","embeddable":true,"href":"https:\/\/greencode.ge\/en\/wp-json\/wp\/v2\/product_brand?post=64724"},{"taxonomy":"product_cat","embeddable":true,"href":"https:\/\/greencode.ge\/en\/wp-json\/wp\/v2\/product_cat?post=64724"},{"taxonomy":"product_tag","embeddable":true,"href":"https:\/\/greencode.ge\/en\/wp-json\/wp\/v2\/product_tag?post=64724"}],"curies":[{"name":"wp","href":"https:\/\/api.w.org\/{rel}","templated":true}]}}