{"id":48363,"date":"2025-09-29T15:58:35","date_gmt":"2025-09-29T15:58:35","guid":{"rendered":"https:\/\/greencode.ge\/?post_type=product&#038;p=48363"},"modified":"2025-09-29T15:58:35","modified_gmt":"2025-09-29T15:58:35","slug":"hwt-m3381-10-ei-m","status":"publish","type":"product","link":"https:\/\/greencode.ge\/en\/product\/hwt-m3381-10-ei-m\/","title":{"rendered":"HWT-M3381-10-EI-M"},"content":{"rendered":"<h2 class=\"section-title\">Technical Spec<\/h2>\n<div class=\"specification-wrap\" data-v-ab9fa402=\"\">\n<div class=\"specification-content-col custom-scroll\" data-v-ab9fa402=\"\">\n<table class=\"content-table\" data-v-ab9fa402=\"\">\n<tbody data-v-ab9fa402=\"\">\n<tr data-v-ab9fa402=\"\">\n<td class=\"content-table-title\" data-v-ab9fa402=\"\">Computing power<\/td>\n<td data-v-ab9fa402=\"\">1TOPS<\/td>\n<\/tr>\n<tr data-v-ab9fa402=\"\">\n<td class=\"content-table-title\" data-v-ab9fa402=\"\">Memory<\/td>\n<td data-v-ab9fa402=\"\">DDR4 1.0 GB<\/td>\n<\/tr>\n<tr data-v-ab9fa402=\"\">\n<td class=\"content-table-title\" data-v-ab9fa402=\"\">Flash type<\/td>\n<td data-v-ab9fa402=\"\">SPI NAND FLASH 512.0MB<\/td>\n<\/tr>\n<tr data-v-ab9fa402=\"\">\n<td class=\"content-table-title\" data-v-ab9fa402=\"\">Max capacity<\/td>\n<td data-v-ab9fa402=\"\">MicroSD card slot that supports microSDHC\/microSDXC; maximum memory card capacity: 256 GB<\/td>\n<\/tr>\n<tr data-v-ab9fa402=\"\">\n<td class=\"content-table-title\" data-v-ab9fa402=\"\">Focal length<\/td>\n<td data-v-ab9fa402=\"\">2.8-12mm Varifocal Motorized<\/td>\n<\/tr>\n<tr data-v-ab9fa402=\"\">\n<td class=\"content-table-title\" data-v-ab9fa402=\"\">Max Aperture<\/td>\n<td data-v-ab9fa402=\"\">F1.4(W)-F2.2(T)<\/td>\n<\/tr>\n<tr data-v-ab9fa402=\"\">\n<td class=\"content-table-title\" data-v-ab9fa402=\"\">Image sensor<\/td>\n<td data-v-ab9fa402=\"\">1\/1.8&#8243;CMOS\/8MP 3840(H)*2160(V)<\/td>\n<\/tr>\n<tr data-v-ab9fa402=\"\">\n<td class=\"content-table-title\" data-v-ab9fa402=\"\">Lens aperture type<\/td>\n<td data-v-ab9fa402=\"\">P-iris (DC iris+Hall sensor)<\/td>\n<\/tr>\n<tr data-v-ab9fa402=\"\">\n<td class=\"content-table-title\" data-v-ab9fa402=\"\">Angle of view<\/td>\n<td data-v-ab9fa402=\"\">Horizontal:47.5\u00b0(T) to 102.8\u00b0(W);Vertical:26.6\u00b0(T) to 54.9\u00b0(W)<\/td>\n<\/tr>\n<tr data-v-ab9fa402=\"\">\n<td class=\"content-table-title\" data-v-ab9fa402=\"\">IR range<\/td>\n<td data-v-ab9fa402=\"\">40m<\/td>\n<\/tr>\n<tr data-v-ab9fa402=\"\">\n<td class=\"content-table-title\" data-v-ab9fa402=\"\">Digital\/optical zoom<\/td>\n<td data-v-ab9fa402=\"\">Supported<\/td>\n<\/tr>\n<tr data-v-ab9fa402=\"\">\n<td class=\"content-table-title\" data-v-ab9fa402=\"\">Target<\/td>\n<td data-v-ab9fa402=\"\">Target detection\/Target enhancement\/Target attribute recognition<\/td>\n<\/tr>\n<tr data-v-ab9fa402=\"\">\n<td class=\"content-table-title\" data-v-ab9fa402=\"\">Target recognition<\/td>\n<td data-v-ab9fa402=\"\">Supported<\/td>\n<\/tr>\n<tr data-v-ab9fa402=\"\">\n<td class=\"content-table-title\" data-v-ab9fa402=\"\">Person<\/td>\n<td data-v-ab9fa402=\"\">Person detection<\/td>\n<\/tr>\n<tr data-v-ab9fa402=\"\">\n<td class=\"content-table-title\" data-v-ab9fa402=\"\">License plate recognition<\/td>\n<td data-v-ab9fa402=\"\">License plates from the Chinese Mainland<\/td>\n<\/tr>\n<tr data-v-ab9fa402=\"\">\n<td class=\"content-table-title\" data-v-ab9fa402=\"\">Vehicle analysis<\/td>\n<td data-v-ab9fa402=\"\">Vehicle color\/Vehicle type\/Vehicle model<\/td>\n<\/tr>\n<tr data-v-ab9fa402=\"\">\n<td class=\"content-table-title\" data-v-ab9fa402=\"\">Traffic flow statistics<\/td>\n<td data-v-ab9fa402=\"\">Motor vehicle\/Non-motorized vehicle\/Pedestrian<\/td>\n<\/tr>\n<tr data-v-ab9fa402=\"\">\n<td class=\"content-table-title\" data-v-ab9fa402=\"\">Behavior analysis<\/td>\n<td data-v-ab9fa402=\"\">Fast movement\/Tripwire crossing\/Intrusion\/Area entry or exit \/Loitering<\/td>\n<\/tr>\n<tr data-v-ab9fa402=\"\">\n<td class=\"content-table-title\" data-v-ab9fa402=\"\">Crowd flow analysis<\/td>\n<td data-v-ab9fa402=\"\">Queue length\/Head counting\/Crowd flow statistics<\/td>\n<\/tr>\n<tr data-v-ab9fa402=\"\">\n<td class=\"content-table-title\" data-v-ab9fa402=\"\">Non-motorized vehicle<\/td>\n<td data-v-ab9fa402=\"\">Supported<\/td>\n<\/tr>\n<tr data-v-ab9fa402=\"\">\n<td class=\"content-table-title\" data-v-ab9fa402=\"\">Multi-algorithm switchover<\/td>\n<td data-v-ab9fa402=\"\">Supported<\/td>\n<\/tr>\n<tr data-v-ab9fa402=\"\">\n<td class=\"content-table-title\" data-v-ab9fa402=\"\">Defocus<\/td>\n<td data-v-ab9fa402=\"\">Supported<\/td>\n<\/tr>\n<tr data-v-ab9fa402=\"\">\n<td class=\"content-table-title\" data-v-ab9fa402=\"\">Open OS<\/td>\n<td data-v-ab9fa402=\"\">Supported<\/td>\n<\/tr>\n<tr data-v-ab9fa402=\"\">\n<td class=\"content-table-title\" data-v-ab9fa402=\"\">Data openness<\/td>\n<td data-v-ab9fa402=\"\">SDK (proprietary protocol)\/REST API (proprietary protocol)\/GA\/T 1400\/GB\/T28181(2011, 2016)<\/td>\n<\/tr>\n<tr data-v-ab9fa402=\"\">\n<td class=\"content-table-title\" data-v-ab9fa402=\"\">Video encoding format<\/td>\n<td data-v-ab9fa402=\"\">MJPEG\/H.264\/H.265<\/td>\n<\/tr>\n<tr data-v-ab9fa402=\"\">\n<td class=\"content-table-title\" data-v-ab9fa402=\"\">Video encoding channels<\/td>\n<td data-v-ab9fa402=\"\">Triple streams<\/td>\n<\/tr>\n<tr data-v-ab9fa402=\"\">\n<td class=\"content-table-title\" data-v-ab9fa402=\"\">Intelligent encoding<\/td>\n<td data-v-ab9fa402=\"\">Extra265\/264<\/td>\n<\/tr>\n<tr data-v-ab9fa402=\"\">\n<td class=\"content-table-title\" data-v-ab9fa402=\"\">Video frame rate<\/td>\n<td data-v-ab9fa402=\"\">25or 20fps (configurable)<\/td>\n<\/tr>\n<tr data-v-ab9fa402=\"\">\n<td class=\"content-table-title\" data-v-ab9fa402=\"\">Scene adaptation<\/td>\n<td data-v-ab9fa402=\"\">Backlight adaptation\/Overcast adaptation<\/td>\n<\/tr>\n<tr data-v-ab9fa402=\"\">\n<td class=\"content-table-title\" data-v-ab9fa402=\"\">Min illumination<\/td>\n<td data-v-ab9fa402=\"\">Color: 0.002lux(F1.2,AGC ON, 1\/30sshutter speed); B\/W: 0.0005lux (F1.2,AGC ON, 1\/30sshutter speed) or 0 lux(infrared illuminator enabled)<\/td>\n<\/tr>\n<tr data-v-ab9fa402=\"\">\n<td class=\"content-table-title\" data-v-ab9fa402=\"\">Day\/Night mode<\/td>\n<td data-v-ab9fa402=\"\">Supported; automatic (ICR), Color, B\/W, and scheduled (default: automatic); sensitivity level: high (default), medium, and low; image triggering\/internal triggering<\/td>\n<\/tr>\n<tr data-v-ab9fa402=\"\">\n<td class=\"content-table-title\" data-v-ab9fa402=\"\">WDR<\/td>\n<td data-v-ab9fa402=\"\">120db<\/td>\n<\/tr>\n<tr data-v-ab9fa402=\"\">\n<td class=\"content-table-title\" data-v-ab9fa402=\"\">White balance<\/td>\n<td data-v-ab9fa402=\"\">Auto\/Manual\/OnePush<\/td>\n<\/tr>\n<tr data-v-ab9fa402=\"\">\n<td class=\"content-table-title\" data-v-ab9fa402=\"\">Highlight compensation<\/td>\n<td data-v-ab9fa402=\"\">Supported<\/td>\n<\/tr>\n<tr data-v-ab9fa402=\"\">\n<td class=\"content-table-title\" data-v-ab9fa402=\"\">Digital noise reduction<\/td>\n<td data-v-ab9fa402=\"\">2D\/3D noise reduction<\/td>\n<\/tr>\n<tr data-v-ab9fa402=\"\">\n<td class=\"content-table-title\" data-v-ab9fa402=\"\">Defogging<\/td>\n<td data-v-ab9fa402=\"\">Supported<\/td>\n<\/tr>\n<tr data-v-ab9fa402=\"\">\n<td class=\"content-table-title\" data-v-ab9fa402=\"\">EIS<\/td>\n<td data-v-ab9fa402=\"\">Supported. Sensitivity levels are not supported<\/td>\n<\/tr>\n<tr data-v-ab9fa402=\"\">\n<td class=\"content-table-title\" data-v-ab9fa402=\"\">Protocols supported by IPv4<\/td>\n<td data-v-ab9fa402=\"\">TCP, UDP, IPv4, DHCP, DNS, ICMP, IGMP, HTTPS, FTP, SFTP, RTP, RTSP, RTCP, SIP, ARP, SSL, NTP, SNMP (V1\/V2\/V3), 802.1x,QoS, SMTP, and PPPoE. Note: The northbound protocol needs to adapt to the PPPoE dialup scenario<\/td>\n<\/tr>\n<tr data-v-ab9fa402=\"\">\n<td class=\"content-table-title\" data-v-ab9fa402=\"\">Protocols supported by IPv6<\/td>\n<td data-v-ab9fa402=\"\">HTTPS,RTP,RTCP,RTSP,Onvif,IPv6,ICMPv6,DHCPv6<\/td>\n<\/tr>\n<tr data-v-ab9fa402=\"\">\n<td class=\"content-table-title\" data-v-ab9fa402=\"\">Storage port<\/td>\n<td data-v-ab9fa402=\"\">MicroSD card slot that supports microSDHC\/microSDXC; maximum memory card capacity: 256GB<\/td>\n<\/tr>\n<tr data-v-ab9fa402=\"\">\n<td class=\"content-table-title\" data-v-ab9fa402=\"\">Alarm port<\/td>\n<td data-v-ab9fa402=\"\">2 input port and 1output port<\/td>\n<\/tr>\n<tr data-v-ab9fa402=\"\">\n<td class=\"content-table-title\" data-v-ab9fa402=\"\">Network port<\/td>\n<td data-v-ab9fa402=\"\">One RJ45 10M\/100Madaptive Ethernet port<\/td>\n<\/tr>\n<tr data-v-ab9fa402=\"\">\n<td class=\"content-table-title\" data-v-ab9fa402=\"\">Communication serial port<\/td>\n<td data-v-ab9fa402=\"\">RS-485 port<\/td>\n<\/tr>\n<tr data-v-ab9fa402=\"\">\n<td class=\"content-table-title\" data-v-ab9fa402=\"\">Audio port<\/td>\n<td data-v-ab9fa402=\"\">Supported (one-channel LINE IN and one-channel built-in MIC)\/Supported (one-channel LINE OUT)<\/td>\n<\/tr>\n<tr data-v-ab9fa402=\"\">\n<td class=\"content-table-title\" data-v-ab9fa402=\"\">Power type<\/td>\n<td data-v-ab9fa402=\"\">DC12V,AC24V,PoE(IEEE 802.3af)<\/td>\n<\/tr>\n<tr data-v-ab9fa402=\"\">\n<td class=\"content-table-title\" data-v-ab9fa402=\"\">Power consumption<\/td>\n<td data-v-ab9fa402=\"\">Maximum:12W,typical:4.5W<\/td>\n<\/tr>\n<tr data-v-ab9fa402=\"\">\n<td class=\"content-table-title\" data-v-ab9fa402=\"\">Operating temperature<\/td>\n<td data-v-ab9fa402=\"\">-30\u2103 to 55\u2103<\/td>\n<\/tr>\n<tr data-v-ab9fa402=\"\">\n<td class=\"content-table-title\" data-v-ab9fa402=\"\">Operating humidity<\/td>\n<td data-v-ab9fa402=\"\">5% to 95%(non-condensing)<\/td>\n<\/tr>\n<tr data-v-ab9fa402=\"\">\n<td class=\"content-table-title\" data-v-ab9fa402=\"\">Surge protection<\/td>\n<td data-v-ab9fa402=\"\">4kV<\/td>\n<\/tr>\n<tr data-v-ab9fa402=\"\">\n<td class=\"content-table-title\" data-v-ab9fa402=\"\">IP rating<\/td>\n<td data-v-ab9fa402=\"\">IP67<\/td>\n<\/tr>\n<tr data-v-ab9fa402=\"\">\n<td class=\"content-table-title\" data-v-ab9fa402=\"\">Equipment Anti Corrosion<\/td>\n<td data-v-ab9fa402=\"\">Class C corrosion resistance<\/td>\n<\/tr>\n<tr data-v-ab9fa402=\"\">\n<td class=\"content-table-title\" data-v-ab9fa402=\"\">IK rating<\/td>\n<td data-v-ab9fa402=\"\">IK10<\/td>\n<\/tr>\n<tr data-v-ab9fa402=\"\">\n<td class=\"content-table-title\" data-v-ab9fa402=\"\">Weight<\/td>\n<td data-v-ab9fa402=\"\">Net weight 1.2kg;Grossweight 1.5kg<\/td>\n<\/tr>\n<tr data-v-ab9fa402=\"\">\n<td class=\"content-table-title\" data-v-ab9fa402=\"\">Dimensions<\/td>\n<td data-v-ab9fa402=\"\">Device dimensions \u03c6149.4mm\u00d7130.8mm;Package dimensions 200.5mm\u00d7188mm\u00d7182.5mm<\/td>\n<\/tr>\n<\/tbody>\n<\/table>\n<\/div>\n<\/div>","protected":false},"excerpt":{"rendered":"<h3 class=\"product-type\">1T 8MP AI IR Fixed Dome Camera<\/h3>\n<ul class=\"summary-desc\" data-v-ab9fa402=\"\">\n<li data-v-ab9fa402=\"\">1 TOPS computing power<\/li>\n<li data-v-ab9fa402=\"\">Supports multi-algorithm switchover, behavior analysis, crowd flow analysis, target detection, person detection, object (motor vehicle, non-motorized vehicle, and pedestrian) classification, vehicle recognition, vehicle event detection, and traffic flow statistics<\/li>\n<li data-v-ab9fa402=\"\">Supports backlight adaptation and overcast adaptation<\/li>\n<li data-v-ab9fa402=\"\">1\/1.8&#8243; CMOS sensor<\/li>\n<li data-v-ab9fa402=\"\">Online loading and upgrade of algorithms<\/li>\n<li data-v-ab9fa402=\"\">120 dB super wide dynamic range (WDR), ensuring that both foreground and background objects are clearly identified in environments with sharp light contrast<\/li>\n<li data-v-ab9fa402=\"\">Supports switchover among multiple algorithms<\/li>\n<\/ul>","protected":false},"featured_media":64740,"comment_status":"open","ping_status":"closed","template":"","meta":[],"product_brand":[],"product_cat":[1647],"product_tag":[],"class_list":{"0":"post-48363","1":"product","2":"type-product","3":"status-publish","4":"has-post-thumbnail","6":"product_cat-ai-camera-holowits","8":"first","9":"instock","10":"shipping-taxable","11":"product-type-simple"},"_links":{"self":[{"href":"https:\/\/greencode.ge\/en\/wp-json\/wp\/v2\/product\/48363","targetHints":{"allow":["GET"]}}],"collection":[{"href":"https:\/\/greencode.ge\/en\/wp-json\/wp\/v2\/product"}],"about":[{"href":"https:\/\/greencode.ge\/en\/wp-json\/wp\/v2\/types\/product"}],"replies":[{"embeddable":true,"href":"https:\/\/greencode.ge\/en\/wp-json\/wp\/v2\/comments?post=48363"}],"wp:featuredmedia":[{"embeddable":true,"href":"https:\/\/greencode.ge\/en\/wp-json\/wp\/v2\/media\/64740"}],"wp:attachment":[{"href":"https:\/\/greencode.ge\/en\/wp-json\/wp\/v2\/media?parent=48363"}],"wp:term":[{"taxonomy":"product_brand","embeddable":true,"href":"https:\/\/greencode.ge\/en\/wp-json\/wp\/v2\/product_brand?post=48363"},{"taxonomy":"product_cat","embeddable":true,"href":"https:\/\/greencode.ge\/en\/wp-json\/wp\/v2\/product_cat?post=48363"},{"taxonomy":"product_tag","embeddable":true,"href":"https:\/\/greencode.ge\/en\/wp-json\/wp\/v2\/product_tag?post=48363"}],"curies":[{"name":"wp","href":"https:\/\/api.w.org\/{rel}","templated":true}]}}