{"id":48287,"date":"2025-09-29T15:58:14","date_gmt":"2025-09-29T15:58:14","guid":{"rendered":"https:\/\/greencode.ge\/?post_type=product&#038;p=48287"},"modified":"2025-09-29T15:58:14","modified_gmt":"2025-09-29T15:58:14","slug":"u2-4r33xa-ex-ai","status":"publish","type":"product","link":"https:\/\/greencode.ge\/en\/product\/u2-4r33xa-ex-ai\/","title":{"rendered":"U2-4R(33x)A-Ex AI"},"content":{"rendered":"<h2 class=\"section-title\">Technical Spec<\/h2>\n<div class=\"specification-wrap\" data-v-ab9fa402=\"\">\n<div class=\"specification-content-col custom-scroll\" data-v-ab9fa402=\"\">\n<table class=\"content-table\" data-v-ab9fa402=\"\">\n<tbody data-v-ab9fa402=\"\">\n<tr data-v-ab9fa402=\"\">\n<td class=\"content-table-title\" data-v-ab9fa402=\"\">Computing power<\/td>\n<td data-v-ab9fa402=\"\">1 TOPS<\/td>\n<\/tr>\n<tr data-v-ab9fa402=\"\">\n<td class=\"content-table-title\" data-v-ab9fa402=\"\">Memory<\/td>\n<td data-v-ab9fa402=\"\">1.0 GB<\/td>\n<\/tr>\n<tr data-v-ab9fa402=\"\">\n<td class=\"content-table-title\" data-v-ab9fa402=\"\">Flash type<\/td>\n<td data-v-ab9fa402=\"\">512.0 MB<\/td>\n<\/tr>\n<tr data-v-ab9fa402=\"\">\n<td class=\"content-table-title\" data-v-ab9fa402=\"\">Focal length<\/td>\n<td data-v-ab9fa402=\"\">5\u2013165 mm<\/td>\n<\/tr>\n<tr data-v-ab9fa402=\"\">\n<td class=\"content-table-title\" data-v-ab9fa402=\"\">Max Aperture<\/td>\n<td data-v-ab9fa402=\"\">F1.6 (W) to F4.4 (T)<\/td>\n<\/tr>\n<tr data-v-ab9fa402=\"\">\n<td class=\"content-table-title\" data-v-ab9fa402=\"\">Image sensor<\/td>\n<td data-v-ab9fa402=\"\">1\/2.7&#8243; CMOS\/4MP 2560(H)*1440(V)<\/td>\n<\/tr>\n<tr data-v-ab9fa402=\"\">\n<td class=\"content-table-title\" data-v-ab9fa402=\"\">Max.resolution<\/td>\n<td data-v-ab9fa402=\"\">2560(H)*1440(V)<\/td>\n<\/tr>\n<tr data-v-ab9fa402=\"\">\n<td class=\"content-table-title\" data-v-ab9fa402=\"\">IR range<\/td>\n<td data-v-ab9fa402=\"\">50 m<\/td>\n<\/tr>\n<tr data-v-ab9fa402=\"\">\n<td class=\"content-table-title\" data-v-ab9fa402=\"\">Zoom<\/td>\n<td data-v-ab9fa402=\"\">Digital Zoom: 16X; Optical zoom: 33X<\/td>\n<\/tr>\n<tr data-v-ab9fa402=\"\">\n<td class=\"content-table-title\" data-v-ab9fa402=\"\">Behavior analysis<\/td>\n<td data-v-ab9fa402=\"\">Fast movement\/Tripwire crossing\/Intrusion\/Area entry or exit \/Loitering<\/td>\n<\/tr>\n<tr data-v-ab9fa402=\"\">\n<td class=\"content-table-title\" data-v-ab9fa402=\"\">Crowd flow analysis<\/td>\n<td data-v-ab9fa402=\"\">Queue length\/Head counting\/Crowd flow statistics<\/td>\n<\/tr>\n<tr data-v-ab9fa402=\"\">\n<td class=\"content-table-title\" data-v-ab9fa402=\"\">Defocus<\/td>\n<td data-v-ab9fa402=\"\">Supported<\/td>\n<\/tr>\n<tr data-v-ab9fa402=\"\">\n<td class=\"content-table-title\" data-v-ab9fa402=\"\">SDC OS<\/td>\n<td data-v-ab9fa402=\"\">Supported<\/td>\n<\/tr>\n<tr data-v-ab9fa402=\"\">\n<td class=\"content-table-title\" data-v-ab9fa402=\"\">Data openness<\/td>\n<td data-v-ab9fa402=\"\">SDK (proprietary protocol)\/REST API (proprietary protocol)\/Onvif Profile G\/S\/T<\/td>\n<\/tr>\n<tr data-v-ab9fa402=\"\">\n<td class=\"content-table-title\" data-v-ab9fa402=\"\">Video encoding format<\/td>\n<td data-v-ab9fa402=\"\">MJPEG\/H.264\/H.265<\/td>\n<\/tr>\n<tr data-v-ab9fa402=\"\">\n<td class=\"content-table-title\" data-v-ab9fa402=\"\">Video encoding channel<\/td>\n<td data-v-ab9fa402=\"\">Triple streams<\/td>\n<\/tr>\n<tr data-v-ab9fa402=\"\">\n<td class=\"content-table-title\" data-v-ab9fa402=\"\">Intelligent encoding<\/td>\n<td data-v-ab9fa402=\"\">Extra265\/264<\/td>\n<\/tr>\n<tr data-v-ab9fa402=\"\">\n<td class=\"content-table-title\" data-v-ab9fa402=\"\">Video frame rate<\/td>\n<td data-v-ab9fa402=\"\">4-megapixel: 30 fps or 25 fps<\/td>\n<\/tr>\n<tr data-v-ab9fa402=\"\">\n<td class=\"content-table-title\" data-v-ab9fa402=\"\">Scene adaptation<\/td>\n<td data-v-ab9fa402=\"\">Backlight adaptation\/Overcast adaptation\/Speed adaptation<\/td>\n<\/tr>\n<tr data-v-ab9fa402=\"\">\n<td class=\"content-table-title\" data-v-ab9fa402=\"\">OSD<\/td>\n<td data-v-ab9fa402=\"\">Camera ID and time<\/td>\n<\/tr>\n<tr data-v-ab9fa402=\"\">\n<td class=\"content-table-title\" data-v-ab9fa402=\"\">Min illumination<\/td>\n<td data-v-ab9fa402=\"\">Color: 0.005 lux (F1.2, AGC ON, 1\/30s shutter speed); B\/W: 0.0005 lux (F1.2, AGC ON, 1\/30s shutter speed)<\/td>\n<\/tr>\n<tr data-v-ab9fa402=\"\">\n<td class=\"content-table-title\" data-v-ab9fa402=\"\">Day\/Night mode<\/td>\n<td data-v-ab9fa402=\"\">Supported; automatic (ICR)\/Color\/B\/W (default: automatic) Sensitivity level: high (default), medium, and low Image triggering \/Internal triggering<\/td>\n<\/tr>\n<tr data-v-ab9fa402=\"\">\n<td class=\"content-table-title\" data-v-ab9fa402=\"\">Signal-to-Noise Ratio(SNR)<\/td>\n<td data-v-ab9fa402=\"\">&gt;45dB<\/td>\n<\/tr>\n<tr data-v-ab9fa402=\"\">\n<td class=\"content-table-title\" data-v-ab9fa402=\"\">Primary stream resolution<\/td>\n<td data-v-ab9fa402=\"\">2560\u00d71440(4MP),2048\u00d71536(3MP),1920\u00d71080(1080P),1280\u00d7720(720P)<\/td>\n<\/tr>\n<tr data-v-ab9fa402=\"\">\n<td class=\"content-table-title\" data-v-ab9fa402=\"\">Secondary stream resolution<\/td>\n<td data-v-ab9fa402=\"\">Secondary stream 1: 720\u00d7576(PAL)\uff0c720\u00d7480(NTSC)\uff0c352\u00d7288(PAL)\uff0c352\u00d7240(NTSC)\uff1b Secondary stream 2: 352\u00d7288(PAL)\uff0c352\u00d7240(NTSC)<\/td>\n<\/tr>\n<tr data-v-ab9fa402=\"\">\n<td class=\"content-table-title\" data-v-ab9fa402=\"\">Video bit rate<\/td>\n<td data-v-ab9fa402=\"\">Only for H.264 and H.265 1080P-4K 512Kbps &#8211; 16Mbps 720P 384Kbps &#8211; 8Mbps D1 256K &#8211; 4Mbps CIF 32K &#8211; 1Mbps<\/td>\n<\/tr>\n<tr data-v-ab9fa402=\"\">\n<td class=\"content-table-title\" data-v-ab9fa402=\"\">WDR<\/td>\n<td data-v-ab9fa402=\"\">120 dB<\/td>\n<\/tr>\n<tr data-v-ab9fa402=\"\">\n<td class=\"content-table-title\" data-v-ab9fa402=\"\">White balance<\/td>\n<td data-v-ab9fa402=\"\">Auto\/Auto tracking\/Manual\/OnePush<\/td>\n<\/tr>\n<tr data-v-ab9fa402=\"\">\n<td class=\"content-table-title\" data-v-ab9fa402=\"\">Highlight compensation<\/td>\n<td data-v-ab9fa402=\"\">Supported<\/td>\n<\/tr>\n<tr data-v-ab9fa402=\"\">\n<td class=\"content-table-title\" data-v-ab9fa402=\"\">Digital noise reduction<\/td>\n<td data-v-ab9fa402=\"\">2D\/3D noise reduction<\/td>\n<\/tr>\n<tr data-v-ab9fa402=\"\">\n<td class=\"content-table-title\" data-v-ab9fa402=\"\">Defogging<\/td>\n<td data-v-ab9fa402=\"\">Supported<\/td>\n<\/tr>\n<tr data-v-ab9fa402=\"\">\n<td class=\"content-table-title\" data-v-ab9fa402=\"\">EIS<\/td>\n<td data-v-ab9fa402=\"\">Supported Sensitivity levels are not supported.<\/td>\n<\/tr>\n<tr data-v-ab9fa402=\"\">\n<td class=\"content-table-title\" data-v-ab9fa402=\"\">Protocols supported by IPv4<\/td>\n<td data-v-ab9fa402=\"\">TCP,UDP,IPv4,DHCP,DNS,ICMP,IGMP,HTTPS,FTP,SFTP,RTP,RTSP, RTCP,SIP,ARP,SSL,NTP,SNMP(V1\/V2\/V3),802.1x,QoS,SMTP,PPPOE<\/td>\n<\/tr>\n<tr data-v-ab9fa402=\"\">\n<td class=\"content-table-title\" data-v-ab9fa402=\"\">Protocols supported by IPv6<\/td>\n<td data-v-ab9fa402=\"\">HTTPS,RTP,RTCP,RTSP,Onvif,IPv6,ICMPv6,DHCPv6<\/td>\n<\/tr>\n<tr data-v-ab9fa402=\"\">\n<td class=\"content-table-title\" data-v-ab9fa402=\"\">Alarm port<\/td>\n<td data-v-ab9fa402=\"\">2 input port and 1 output port<\/td>\n<\/tr>\n<tr data-v-ab9fa402=\"\">\n<td class=\"content-table-title\" data-v-ab9fa402=\"\">Network port<\/td>\n<td data-v-ab9fa402=\"\">One RJ45 10M\/100M adaptive Ethernet port<\/td>\n<\/tr>\n<tr data-v-ab9fa402=\"\">\n<td class=\"content-table-title\" data-v-ab9fa402=\"\">Communication serial port<\/td>\n<td data-v-ab9fa402=\"\">1 universal half-duplex RS-485 port<\/td>\n<\/tr>\n<tr data-v-ab9fa402=\"\">\n<td class=\"content-table-title\" data-v-ab9fa402=\"\">Audio port<\/td>\n<td data-v-ab9fa402=\"\">Supported (one-channel LINE IN or one-channel external MIC)\/Supported (one-channel LINE OUT)<\/td>\n<\/tr>\n<tr data-v-ab9fa402=\"\">\n<td class=\"content-table-title\" data-v-ab9fa402=\"\">Power type<\/td>\n<td data-v-ab9fa402=\"\">AC100V\uff5eAC240V<\/td>\n<\/tr>\n<tr data-v-ab9fa402=\"\">\n<td class=\"content-table-title\" data-v-ab9fa402=\"\">Power consumption<\/td>\n<td data-v-ab9fa402=\"\">Maximum: 36 W; typical: 18 W<\/td>\n<\/tr>\n<tr data-v-ab9fa402=\"\">\n<td class=\"content-table-title\" data-v-ab9fa402=\"\">Operating temperature<\/td>\n<td data-v-ab9fa402=\"\">\u201330\u00b0C to +60\u00b0C (excluding the water tank)<\/td>\n<\/tr>\n<tr data-v-ab9fa402=\"\">\n<td class=\"content-table-title\" data-v-ab9fa402=\"\">Operating humidity<\/td>\n<td data-v-ab9fa402=\"\">\u2264 95% (non-condensing)<\/td>\n<\/tr>\n<tr data-v-ab9fa402=\"\">\n<td class=\"content-table-title\" data-v-ab9fa402=\"\">Surge protection<\/td>\n<td data-v-ab9fa402=\"\">2 kV<\/td>\n<\/tr>\n<tr data-v-ab9fa402=\"\">\n<td class=\"content-table-title\" data-v-ab9fa402=\"\">Protection<\/td>\n<td data-v-ab9fa402=\"\">IP68<\/td>\n<\/tr>\n<tr data-v-ab9fa402=\"\">\n<td class=\"content-table-title\" data-v-ab9fa402=\"\">Certificate<\/td>\n<td data-v-ab9fa402=\"\">ATEX, IECEx<\/td>\n<\/tr>\n<tr data-v-ab9fa402=\"\">\n<td class=\"content-table-title\" data-v-ab9fa402=\"\">Explosion-proof Marking<\/td>\n<td data-v-ab9fa402=\"\">ATEX:Ex \u21612G Ex db op is \u2161C T6 Gb\/Ex \u21612D Ex tb op is \u2162C T80 \u00baC Db IECEx: Ex db op is IIC T6 Gb\/Ex tb op is IIIC T80\u00b0C Db<\/td>\n<\/tr>\n<tr data-v-ab9fa402=\"\">\n<td class=\"content-table-title\" data-v-ab9fa402=\"\">Weight<\/td>\n<td data-v-ab9fa402=\"\">Net weight 17 kg; Gross weight 24.5 kg<\/td>\n<\/tr>\n<tr data-v-ab9fa402=\"\">\n<td class=\"content-table-title\" data-v-ab9fa402=\"\">Dimensions<\/td>\n<td data-v-ab9fa402=\"\">Device dimensions 523\u00d7297\u00d7221mm;Package dimensions 750\u00d7600\u00d7410mm<\/td>\n<\/tr>\n<tr data-v-ab9fa402=\"\">\n<td class=\"content-table-title\" data-v-ab9fa402=\"\">Wiper<\/td>\n<td data-v-ab9fa402=\"\">Yes<\/td>\n<\/tr>\n<tr data-v-ab9fa402=\"\">\n<td class=\"content-table-title\" data-v-ab9fa402=\"\">Explosion-proof level<\/td>\n<td data-v-ab9fa402=\"\">IIC, IIIC<\/td>\n<\/tr>\n<tr data-v-ab9fa402=\"\">\n<td class=\"content-table-title\" data-v-ab9fa402=\"\">IP rating<\/td>\n<td data-v-ab9fa402=\"\">IP66<\/td>\n<\/tr>\n<tr data-v-ab9fa402=\"\">\n<td class=\"content-table-title\" data-v-ab9fa402=\"\">Product material<\/td>\n<td data-v-ab9fa402=\"\">316L stainless steel<\/td>\n<\/tr>\n<tr data-v-ab9fa402=\"\">\n<td class=\"content-table-title\" data-v-ab9fa402=\"\">Operating temperature<\/td>\n<td data-v-ab9fa402=\"\">0\u00b0C\uff1cT\u226460\u00b0C (depends on cleanning agent)<\/td>\n<\/tr>\n<tr data-v-ab9fa402=\"\">\n<td class=\"content-table-title\" data-v-ab9fa402=\"\">Power supply voltage<\/td>\n<td data-v-ab9fa402=\"\">100V-240V a.c. 50\/60Hz or 24V a.c. 50\/60Hz or 24V d.c. or PoE++(48V d.c.) , choose one when ordering<\/td>\n<\/tr>\n<tr data-v-ab9fa402=\"\">\n<td class=\"content-table-title\" data-v-ab9fa402=\"\">Maximum power consumption<\/td>\n<td data-v-ab9fa402=\"\">52 W<\/td>\n<\/tr>\n<tr data-v-ab9fa402=\"\">\n<td class=\"content-table-title\" data-v-ab9fa402=\"\">Dimensions (H x W x D)<\/td>\n<td data-v-ab9fa402=\"\">600mm x 330.5 mm x 362.3 mm<\/td>\n<\/tr>\n<tr data-v-ab9fa402=\"\">\n<td class=\"content-table-title\" data-v-ab9fa402=\"\">Built-in accessories<\/td>\n<td data-v-ab9fa402=\"\">Pump, water storage tank 15Liter<\/td>\n<\/tr>\n<tr data-v-ab9fa402=\"\">\n<td class=\"content-table-title\" data-v-ab9fa402=\"\">Speed range<\/td>\n<td data-v-ab9fa402=\"\">1-600rpm<\/td>\n<\/tr>\n<tr data-v-ab9fa402=\"\">\n<td class=\"content-table-title\" data-v-ab9fa402=\"\">Flow rate<\/td>\n<td data-v-ab9fa402=\"\">1000ml\/min<\/td>\n<\/tr>\n<tr data-v-ab9fa402=\"\">\n<td class=\"content-table-title\" data-v-ab9fa402=\"\">Weight<\/td>\n<td data-v-ab9fa402=\"\">23.6 kg<\/td>\n<\/tr>\n<tr data-v-ab9fa402=\"\">\n<td class=\"content-table-title\" data-v-ab9fa402=\"\">Cable outlet quantity\/specification<\/td>\n<td data-v-ab9fa402=\"\">1 x M25 x 1.5&#8243; cable outlet<\/td>\n<\/tr>\n<tr data-v-ab9fa402=\"\">\n<td class=\"content-table-title\" data-v-ab9fa402=\"\">Installation mode<\/td>\n<td data-v-ab9fa402=\"\">on the ground<\/td>\n<\/tr>\n<\/tbody>\n<\/table>\n<\/div>\n<\/div>","protected":false},"excerpt":{"rendered":"<h3>1T 4MP Intelligent Explosion-proof Bullet Camera<\/h3>\n<ul class=\"summary-desc\" data-v-ab9fa402=\"\">\n<li data-v-ab9fa402=\"\">1 TOPS computing power<\/li>\n<li data-v-ab9fa402=\"\">Supports backlight adaptation, overcast adaptation, and speed adaptation<\/li>\n<li data-v-ab9fa402=\"\">1\/2.7&#8243; CMOS sensor<\/li>\n<li data-v-ab9fa402=\"\">120 dB super wide dynamic range (WDR), ensuring that both foreground and background objects are clearly identified in environments with sharp light contrast<\/li>\n<\/ul>","protected":false},"featured_media":64709,"comment_status":"open","ping_status":"closed","template":"","meta":[],"product_brand":[],"product_cat":[1647],"product_tag":[],"class_list":{"0":"post-48287","1":"product","2":"type-product","3":"status-publish","4":"has-post-thumbnail","6":"product_cat-ai-camera-holowits","8":"first","9":"instock","10":"shipping-taxable","11":"product-type-simple"},"_links":{"self":[{"href":"https:\/\/greencode.ge\/en\/wp-json\/wp\/v2\/product\/48287","targetHints":{"allow":["GET"]}}],"collection":[{"href":"https:\/\/greencode.ge\/en\/wp-json\/wp\/v2\/product"}],"about":[{"href":"https:\/\/greencode.ge\/en\/wp-json\/wp\/v2\/types\/product"}],"replies":[{"embeddable":true,"href":"https:\/\/greencode.ge\/en\/wp-json\/wp\/v2\/comments?post=48287"}],"wp:featuredmedia":[{"embeddable":true,"href":"https:\/\/greencode.ge\/en\/wp-json\/wp\/v2\/media\/64709"}],"wp:attachment":[{"href":"https:\/\/greencode.ge\/en\/wp-json\/wp\/v2\/media?parent=48287"}],"wp:term":[{"taxonomy":"product_brand","embeddable":true,"href":"https:\/\/greencode.ge\/en\/wp-json\/wp\/v2\/product_brand?post=48287"},{"taxonomy":"product_cat","embeddable":true,"href":"https:\/\/greencode.ge\/en\/wp-json\/wp\/v2\/product_cat?post=48287"},{"taxonomy":"product_tag","embeddable":true,"href":"https:\/\/greencode.ge\/en\/wp-json\/wp\/v2\/product_tag?post=48287"}],"curies":[{"name":"wp","href":"https:\/\/api.w.org\/{rel}","templated":true}]}}