{"id":36199,"date":"2025-09-29T14:53:49","date_gmt":"2025-09-29T14:53:49","guid":{"rendered":"https:\/\/greencode.ge\/?post_type=product&#038;p=36199"},"modified":"2025-09-29T14:53:49","modified_gmt":"2025-09-29T14:53:49","slug":"ipc5702-vr-vp","status":"publish","type":"product","link":"https:\/\/greencode.ge\/en\/product\/ipc5702-vr-vp\/","title":{"rendered":"IPC5702-VR-VP"},"content":{"rendered":"<table border=\"1\">\n<tbody>\n<tr>\n<td colspan=\"2\" align=\"center\">\n<h3><strong>IPC5702-VR-VP Specification<\/strong><\/h3>\n<\/td>\n<\/tr>\n<tr>\n<td><strong><strong>Image sensor<\/strong><\/strong><\/td>\n<td>1\/2.8&#8243; Progressive Scan CMOS<\/td>\n<\/tr>\n<tr>\n<td><strong><strong>Effective pixels<\/strong><\/strong><\/td>\n<td>1920(H\u00d71080(V)<\/td>\n<\/tr>\n<tr>\n<td><strong><strong>Minimum Illumination<\/strong><\/strong><\/td>\n<td>Multicolor: 0.2 lux@ (F1.2, AGC ON), B\/W: 0.1 lux@ (F1.2, IR LED ON)<\/td>\n<\/tr>\n<tr>\n<td><strong><strong>Day\/Night mode<\/strong><\/strong><\/td>\n<td>Automatic ICR<\/td>\n<\/tr>\n<tr>\n<td><strong><strong>Electronic shutter speed<\/strong><\/strong><\/td>\n<td>1s~1\/50, 000s<\/td>\n<\/tr>\n<tr>\n<td><strong><strong>Gain control<\/strong><\/strong><\/td>\n<td>Supported<\/td>\n<\/tr>\n<tr>\n<td><strong><strong>White balance<\/strong><\/strong><\/td>\n<td>Supported<\/td>\n<\/tr>\n<tr>\n<td><strong><strong>WDR<\/strong><\/strong><\/td>\n<td>70dB<\/td>\n<\/tr>\n<tr>\n<td><strong><strong>Backlight compensation<\/strong><\/strong><\/td>\n<td>Supported<\/td>\n<\/tr>\n<tr>\n<td><strong><strong>Focal length<\/strong><\/strong><\/td>\n<td>2.8\u00ef\u00bd\u017e12mm<\/td>\n<\/tr>\n<tr>\n<td><strong><strong>Aperture<\/strong><\/strong><\/td>\n<td>Auto Iris DC drive<\/td>\n<\/tr>\n<tr>\n<td><strong><strong>Video encoding format<\/strong><\/strong><\/td>\n<td>H.264 \/ MJPEG<\/td>\n<\/tr>\n<tr>\n<td><strong><strong>Video resolution and frame rate<\/strong><\/strong><\/td>\n<td>1920\u00d71080, 1280\u00d7720, 720\u00d7576(PAL), 720\u00d7480(NTSC), 352\u00d7288(PAL), 352\u00d7240(NTSC)<\/td>\n<\/tr>\n<tr>\n<td><strong><strong>Video bit rate<\/strong><\/strong><\/td>\n<td>Main-Stream:500Kbps~12Mbps<br \/>\nSub-Stream:100Kbps~6Mbps<\/td>\n<\/tr>\n<tr>\n<td><strong><strong>Multiple-Stream<\/strong><\/strong><\/td>\n<td>triple Streams<\/td>\n<\/tr>\n<tr>\n<td><strong><strong>Audio encoding format<\/strong><\/strong><\/td>\n<td>G.711a\/G.711u\/raw_pcm<\/td>\n<\/tr>\n<tr>\n<td><strong><strong>Audio bit rate<\/strong><\/strong><\/td>\n<td>64kbps<\/td>\n<\/tr>\n<tr>\n<td><strong><strong>Communication interface<\/strong><\/strong><\/td>\n<td>One RJ45 10\/100 Base-T self-adaptive Ethernet interface and one RS-485 interface<\/td>\n<\/tr>\n<tr>\n<td><strong><strong>Alarm interface<\/strong><\/strong><\/td>\n<td>1-channel alarm input\/1-channel alarm Output<\/td>\n<\/tr>\n<tr>\n<td><strong><strong>Audio interface<\/strong><\/strong><\/td>\n<td>1-channel audio input\/1-channel audio Output<\/td>\n<\/tr>\n<tr>\n<td><strong><strong>Analog port<\/strong><\/strong><\/td>\n<td>BNC connector<\/td>\n<\/tr>\n<tr>\n<td><strong><strong>Motion detection<\/strong><\/strong><\/td>\n<td>Eight motion detection areas<\/td>\n<\/tr>\n<tr>\n<td><strong><strong>Privacy masks<\/strong><\/strong><\/td>\n<td>Five privacy mask areas with adjustable sizes<\/td>\n<\/tr>\n<tr>\n<td><strong><strong>Network protocol<\/strong><\/strong><\/td>\n<td>IPv4, RTSP\/RTP\/RTCP, TCP\/UDP, HTTPS, DHCP, DNS, SFTP, DDNS, PPPoE, SMTP, and NTP<\/td>\n<\/tr>\n<tr>\n<td><strong><strong>Maximum number of concurrent users<\/strong><\/strong><\/td>\n<td>Ten users access or two channels of media streams<\/td>\n<\/tr>\n<tr>\n<td><strong><strong>Local storage<\/strong><\/strong><\/td>\n<td>SDHC card\u00ef\u00bc\u02c632G\u00ef\u00bc\u2030<\/td>\n<\/tr>\n<tr>\n<td><strong><strong>Security mode<\/strong><\/strong><\/td>\n<td>User name and password authentication<\/td>\n<\/tr>\n<tr>\n<td><strong><strong>Other functions<\/strong><\/strong><\/td>\n<td>One-key reset, triple code streams, and heartbeat mechanism\u00ef\u00bc\u0152 3-axis adjustment<\/td>\n<\/tr>\n<tr>\n<td><strong><strong>SDK development<\/strong><\/strong><\/td>\n<td>linux\/windows C++ SDK<\/td>\n<\/tr>\n<tr>\n<td><strong><strong>Power supply<\/strong><\/strong><\/td>\n<td>DC12V, AC24V, PoE<\/td>\n<\/tr>\n<tr>\n<td><strong><strong>Power consumption<\/strong><\/strong><\/td>\n<td>\u22645W(IR lED OFF), \u22647W(IR LED ON)<\/td>\n<\/tr>\n<tr>\n<td><strong><strong>Operating temperature &amp; humidity<\/strong><\/strong><\/td>\n<td>-10\u00e2\u201e\u0192~+60\u00e2\u201e\u0192 ; &lt; 90%(without condensation)<\/td>\n<\/tr>\n<tr>\n<td><strong><strong>Net weight<\/strong><\/strong><\/td>\n<td>0.9kg<\/td>\n<\/tr>\n<tr>\n<td><strong><strong>Dimensions (mm)<\/strong><\/strong><\/td>\n<td>\u00f8130\u00d7111.5<\/td>\n<\/tr>\n<\/tbody>\n<\/table>","protected":false},"excerpt":{"rendered":"<p>&lt; tbody &gt;<\/p>\n<table>\n<tbody>\n<tr>\n<td class=\"label\">Model:<\/td>\n<td>Huawei eSpace IPC5702-VR-VP 2.0 Megapixel Camera<\/td>\n<\/tr>\n<tr>\n<td>Detail:<\/td>\n<td>Huawei eSpace IPC5702-VR-VP 2.0 Megapixel Infrared Vandal-proof Dome IPC(30fps,f=2.8-12mm,FE,IR10-20m)<\/td>\n<\/tr>\n<\/tbody>\n<\/table>","protected":false},"featured_media":62540,"comment_status":"closed","ping_status":"closed","template":"","meta":[],"product_brand":[],"product_cat":[1573],"product_tag":[],"class_list":{"0":"post-36199","1":"product","2":"type-product","3":"status-publish","4":"has-post-thumbnail","6":"product_cat-huawei-video-surveillance-huawei-high-definition-ip-cameras-huawei","8":"first","9":"instock","10":"shipping-taxable","11":"product-type-simple"},"_links":{"self":[{"href":"https:\/\/greencode.ge\/en\/wp-json\/wp\/v2\/product\/36199","targetHints":{"allow":["GET"]}}],"collection":[{"href":"https:\/\/greencode.ge\/en\/wp-json\/wp\/v2\/product"}],"about":[{"href":"https:\/\/greencode.ge\/en\/wp-json\/wp\/v2\/types\/product"}],"replies":[{"embeddable":true,"href":"https:\/\/greencode.ge\/en\/wp-json\/wp\/v2\/comments?post=36199"}],"wp:featuredmedia":[{"embeddable":true,"href":"https:\/\/greencode.ge\/en\/wp-json\/wp\/v2\/media\/62540"}],"wp:attachment":[{"href":"https:\/\/greencode.ge\/en\/wp-json\/wp\/v2\/media?parent=36199"}],"wp:term":[{"taxonomy":"product_brand","embeddable":true,"href":"https:\/\/greencode.ge\/en\/wp-json\/wp\/v2\/product_brand?post=36199"},{"taxonomy":"product_cat","embeddable":true,"href":"https:\/\/greencode.ge\/en\/wp-json\/wp\/v2\/product_cat?post=36199"},{"taxonomy":"product_tag","embeddable":true,"href":"https:\/\/greencode.ge\/en\/wp-json\/wp\/v2\/product_tag?post=36199"}],"curies":[{"name":"wp","href":"https:\/\/api.w.org\/{rel}","templated":true}]}}