{"id":35917,"date":"2025-09-29T14:49:36","date_gmt":"2025-09-29T14:49:36","guid":{"rendered":"https:\/\/greencode.ge\/?post_type=product&#038;p=35917"},"modified":"2025-09-29T14:49:36","modified_gmt":"2025-09-29T14:49:36","slug":"vc4mntsdb-2","status":"publish","type":"product","link":"https:\/\/greencode.ge\/en\/product\/vc4mntsdb-2\/","title":{"rendered":"VC4MNTSDB"},"content":{"rendered":"<table border=\"1\">\n<tbody>\n<tr>\n<td colspan=\"2\" align=\"center\">\n<h3><strong>VC4MNTSDB\u00a0<\/strong><strong>Specification<\/strong><\/h3>\n<\/td>\n<\/tr>\n<tr>\n<td rowspan=\"2\" valign=\"top\" width=\"142\"><strong>Video Standards &amp; Protocols<\/strong><\/td>\n<td valign=\"top\" width=\"411\">H.264, H.263, H.263+ , H.261<\/td>\n<\/tr>\n<tr>\n<td valign=\"top\" width=\"411\">H.239<\/td>\n<\/tr>\n<tr>\n<td rowspan=\"5\" valign=\"top\" width=\"142\"><strong>People Video Resolution<\/strong><\/td>\n<td valign=\"top\" width=\"411\">4CIF, 4SIF, 2CIF,CIF, SIF, QCIF, SQCIF<\/td>\n<\/tr>\n<tr>\n<td valign=\"top\" width=\"411\">Video Frame Rate PAL( 25 fps)\/NTSC( 30 fps)<\/td>\n<\/tr>\n<tr>\n<td valign=\"top\" width=\"411\">50\/60 fields progressive scanning<\/td>\n<\/tr>\n<tr>\n<td valign=\"top\" width=\"411\">VideoIntensifier<\/td>\n<\/tr>\n<tr>\n<td valign=\"top\" width=\"411\">ViewProcessing<\/td>\n<\/tr>\n<tr>\n<td valign=\"top\" width=\"142\"><strong>Content Video Resolution<\/strong><\/td>\n<td valign=\"top\" width=\"411\">SXGA (1280\u00d71024), XGA (1024\u00d7768), SVGA(800\u00d7600), VGA (640\u00d7480)<\/td>\n<\/tr>\n<tr>\n<td rowspan=\"6\" valign=\"top\" width=\"142\"><strong>Audio Standards &amp; Protocols<\/strong><\/td>\n<td valign=\"top\" width=\"411\">AAC-LD, G.728, G.722, G.711<\/td>\n<\/tr>\n<tr>\n<td valign=\"top\" width=\"411\">Acoustic Echo Cancellation (AEC)<\/td>\n<\/tr>\n<tr>\n<td valign=\"top\" width=\"411\">Acoustic Noise Suppression (ANS) 12 dB<\/td>\n<\/tr>\n<tr>\n<td valign=\"top\" width=\"411\">Automatic Gain Control (AGC) \u00b16 dB<\/td>\n<\/tr>\n<tr>\n<td valign=\"top\" width=\"411\">VoiceClear<\/td>\n<\/tr>\n<tr>\n<td valign=\"top\" width=\"411\">AudioEnhancer<\/td>\n<\/tr>\n<tr>\n<td rowspan=\"7\" valign=\"top\" width=\"142\"><strong>Other Standards<\/strong><\/td>\n<td valign=\"top\" width=\"411\">H.221 communications<\/td>\n<\/tr>\n<tr>\n<td valign=\"top\" width=\"411\">H.224\/H.281 far-end camera control<\/td>\n<\/tr>\n<tr>\n<td valign=\"top\" width=\"411\">H.225, H.245, H.241,<\/td>\n<\/tr>\n<tr>\n<td valign=\"top\" width=\"411\">H.239 dual stream<\/td>\n<\/tr>\n<tr>\n<td valign=\"top\" width=\"411\">H.231 in multipoint calls<\/td>\n<\/tr>\n<tr>\n<td valign=\"top\" width=\"411\">H.243 chair control<\/td>\n<\/tr>\n<tr>\n<td valign=\"top\" width=\"411\">H.233, H.234, H.235, H.242, H.283<\/td>\n<\/tr>\n<tr>\n<td rowspan=\"2\" valign=\"top\" width=\"142\"><strong>Network<\/strong><\/td>\n<td valign=\"top\" width=\"411\">Communication standards: ITU-T H.323\/H.320<\/td>\n<\/tr>\n<tr>\n<td valign=\"top\" width=\"411\">Network standards: TCP\/IP,FTP, DHCP, Telnet, HTTP, PPPoE, RTP, RTCP<\/td>\n<\/tr>\n<tr>\n<td rowspan=\"2\" valign=\"top\" width=\"142\"><strong>User Interface<\/strong><\/td>\n<td valign=\"top\" width=\"411\">Languages: English, French, Spanish, Russian, Arabic , Chinese<\/td>\n<\/tr>\n<tr>\n<td valign=\"top\" width=\"411\">Control mode: Remote control, Telnet, Web<\/td>\n<\/tr>\n<tr>\n<td rowspan=\"5\" valign=\"top\" width=\"142\"><strong>Security<\/strong><\/td>\n<td valign=\"top\" width=\"411\">H.235 signaling and media stream encryption<\/td>\n<\/tr>\n<tr>\n<td valign=\"top\" width=\"411\">AES\/DES media stream encryption<\/td>\n<\/tr>\n<tr>\n<td valign=\"top\" width=\"411\">Conference access password<\/td>\n<\/tr>\n<tr>\n<td valign=\"top\" width=\"411\">Conference control password<\/td>\n<\/tr>\n<tr>\n<td valign=\"top\" width=\"411\">Administrator password<\/td>\n<\/tr>\n<tr>\n<td rowspan=\"6\" valign=\"top\" width=\"142\"><strong>Digital Caption<\/strong><\/td>\n<td valign=\"top\" width=\"411\">Active caption<\/td>\n<\/tr>\n<tr>\n<td valign=\"top\" width=\"411\">16 optional colors<\/td>\n<\/tr>\n<tr>\n<td valign=\"top\" width=\"411\">Rolling captions in horizontal and vertical directions<\/td>\n<\/tr>\n<tr>\n<td valign=\"top\" width=\"411\">Caption rolling mode setting<\/td>\n<\/tr>\n<tr>\n<td valign=\"top\" width=\"411\">Site name display and position shift<\/td>\n<\/tr>\n<tr>\n<td valign=\"top\" width=\"411\">External character generator<\/td>\n<\/tr>\n<tr>\n<td rowspan=\"12\" valign=\"top\" width=\"142\"><strong>Special Features<\/strong><\/td>\n<td valign=\"top\" width=\"411\">H.239 dual stream<\/td>\n<\/tr>\n<tr>\n<td valign=\"top\" width=\"411\">Picture-in-picture: 1\/16 picture size, optional position<\/td>\n<\/tr>\n<tr>\n<td valign=\"top\" width=\"411\">Split output. Bi-screen and tri-screen display<\/td>\n<\/tr>\n<tr>\n<td valign=\"top\" width=\"411\">SiteCall<\/td>\n<\/tr>\n<tr>\n<td valign=\"top\" width=\"411\">Group function<\/td>\n<\/tr>\n<tr>\n<td valign=\"top\" width=\"411\">Time display<\/td>\n<\/tr>\n<tr>\n<td valign=\"top\" width=\"411\">Call record<\/td>\n<\/tr>\n<tr>\n<td valign=\"top\" width=\"411\">SNP traversal between the public network and private network.<\/td>\n<\/tr>\n<tr>\n<td valign=\"top\" width=\"411\">Intelligent rate control (IRC)<\/td>\n<\/tr>\n<tr>\n<td valign=\"top\" width=\"411\">Super error concealment (SEC)<\/td>\n<\/tr>\n<tr>\n<td valign=\"top\" width=\"411\">Network address book<\/td>\n<\/tr>\n<tr>\n<td valign=\"top\" width=\"411\">Web monitor<\/td>\n<\/tr>\n<tr>\n<td rowspan=\"10\" valign=\"top\" width=\"142\"><strong>Maintenance Management<\/strong><\/td>\n<td valign=\"top\" width=\"411\">Local and remote loopback<\/td>\n<\/tr>\n<tr>\n<td valign=\"top\" width=\"411\">Test signals: providing test sound and standard test stripes<\/td>\n<\/tr>\n<tr>\n<td valign=\"top\" width=\"411\">Volume input indication<\/td>\n<\/tr>\n<tr>\n<td valign=\"top\" width=\"411\">IP network test<\/td>\n<\/tr>\n<tr>\n<td valign=\"top\" width=\"411\">Telnet: command line mode; providing user-level and administrator-level login accounts<\/td>\n<\/tr>\n<tr>\n<td valign=\"top\" width=\"411\">Local and remote software upgrades<\/td>\n<\/tr>\n<tr>\n<td valign=\"top\" width=\"411\">WebServer, Web maintenance management<\/td>\n<\/tr>\n<tr>\n<td valign=\"top\" width=\"411\">Event log record<\/td>\n<\/tr>\n<tr>\n<td valign=\"top\" width=\"411\">Importing and exporting of the configuration and directory<\/td>\n<\/tr>\n<tr>\n<td valign=\"top\" width=\"411\">Default settings restoration<\/td>\n<\/tr>\n<tr>\n<td valign=\"top\" width=\"142\"><strong>Approval and Compliance<\/strong><\/td>\n<td valign=\"top\" width=\"411\">CE\u00e3\u20ac\u0081<span style=\"font-family: Arial;\">RoHS<\/span><\/td>\n<\/tr>\n<tr>\n<td rowspan=\"3\" valign=\"top\" width=\"142\"><strong>Electrical<\/strong><\/td>\n<td valign=\"top\" width=\"411\">Working voltage: 100\u2013240V AC<\/td>\n<\/tr>\n<tr>\n<td valign=\"top\" width=\"411\">Working frequency: 50\u201360Hz<\/td>\n<\/tr>\n<tr>\n<td valign=\"top\" width=\"411\">Power consumption: &lt;36W<\/td>\n<\/tr>\n<tr>\n<td rowspan=\"7\" valign=\"top\" width=\"142\"><strong>Environmental Specification<\/strong><\/td>\n<td valign=\"top\" width=\"411\">Operating Temperature: 0-40\u00baC<\/td>\n<\/tr>\n<tr>\n<td valign=\"top\" width=\"411\">Operating Humidity: 10-80%<\/td>\n<\/tr>\n<tr>\n<td valign=\"top\" width=\"411\">Non-Operating Temperature: -40\u00ba-85\u00ba C<\/td>\n<\/tr>\n<tr>\n<td valign=\"top\" width=\"411\">Non-Operating Humidity (Non-condensing): 10-95%<\/td>\n<\/tr>\n<tr>\n<td valign=\"top\" width=\"411\">Peripheral noise: &lt; 46 dBA SPL<\/td>\n<\/tr>\n<tr>\n<td valign=\"top\" width=\"411\">Lowest illuminance: 7 lux<\/td>\n<\/tr>\n<tr>\n<td valign=\"top\" width=\"411\">Recommended illuminance: &gt; 300 lux<\/td>\n<\/tr>\n<\/tbody>\n<\/table>","protected":false},"excerpt":{"rendered":"<p>&lt; tbody &gt;<\/p>\n<table>\n<tbody>\n<tr>\n<td class=\"label\">Model:<\/td>\n<td>Huawei VC4MNTSDB ViewPoint 8000 Series SD Videoconferencing Endpoints<\/td>\n<\/tr>\n<tr>\n<td>Detail:<\/td>\n<td>Huawei VC4MNTSDB ViewPoint 8033B(SD Videoconferencing Terminal(SXGA OUT\/IN))<\/td>\n<\/tr>\n<\/tbody>\n<\/table>","protected":false},"featured_media":60194,"comment_status":"open","ping_status":"closed","template":"","meta":[],"product_brand":[],"product_cat":[1107],"product_tag":[],"class_list":{"0":"post-35917","1":"product","2":"type-product","3":"status-publish","4":"has-post-thumbnail","6":"product_cat-huawei-video-conferencing-hd-video-conferencing-endpoints-huawei","8":"first","9":"instock","10":"shipping-taxable","11":"purchasable","12":"product-type-simple"},"_links":{"self":[{"href":"https:\/\/greencode.ge\/en\/wp-json\/wp\/v2\/product\/35917","targetHints":{"allow":["GET"]}}],"collection":[{"href":"https:\/\/greencode.ge\/en\/wp-json\/wp\/v2\/product"}],"about":[{"href":"https:\/\/greencode.ge\/en\/wp-json\/wp\/v2\/types\/product"}],"replies":[{"embeddable":true,"href":"https:\/\/greencode.ge\/en\/wp-json\/wp\/v2\/comments?post=35917"}],"wp:featuredmedia":[{"embeddable":true,"href":"https:\/\/greencode.ge\/en\/wp-json\/wp\/v2\/media\/60194"}],"wp:attachment":[{"href":"https:\/\/greencode.ge\/en\/wp-json\/wp\/v2\/media?parent=35917"}],"wp:term":[{"taxonomy":"product_brand","embeddable":true,"href":"https:\/\/greencode.ge\/en\/wp-json\/wp\/v2\/product_brand?post=35917"},{"taxonomy":"product_cat","embeddable":true,"href":"https:\/\/greencode.ge\/en\/wp-json\/wp\/v2\/product_cat?post=35917"},{"taxonomy":"product_tag","embeddable":true,"href":"https:\/\/greencode.ge\/en\/wp-json\/wp\/v2\/product_tag?post=35917"}],"curies":[{"name":"wp","href":"https:\/\/api.w.org\/{rel}","templated":true}]}}