{"id":35831,"date":"2025-09-29T14:48:19","date_gmt":"2025-09-29T14:48:19","guid":{"rendered":"https:\/\/greencode.ge\/?post_type=product&#038;p=35831"},"modified":"2025-09-29T14:48:20","modified_gmt":"2025-09-29T14:48:20","slug":"vc8m7vpen-2","status":"publish","type":"product","link":"https:\/\/greencode.ge\/en\/product\/vc8m7vpen-2\/","title":{"rendered":"VC8M7VPEN"},"content":{"rendered":"<table border=\"1\">\n<tbody>\n<tr>\n<td colspan=\"2\" align=\"center\">\n<h3><strong>VC8M7VPEN Specification<\/strong><\/h3>\n<\/td>\n<\/tr>\n<tr>\n<td><strong>Embedded MCU<\/strong><\/p>\n<p><strong>\u00a0<\/strong><\/td>\n<td>\u2022\u00a0up to 4 HD 720P video endpoints + 3 voice terminals to join the conference.<\/p>\n<p>\u2022\u00a0The embedded MCU supports CP, voice activation, camera control, and chairman token.<\/p>\n<p>\u2022\u00a0two lever cascading<\/p>\n<p>\u2022\u00a0Mixed H.323 and SIP<\/td>\n<\/tr>\n<tr>\n<td><strong>Video Standard &amp; Protocols<\/strong><\/p>\n<p><strong>\u00a0<\/strong><\/td>\n<td>\u2022\u00a0H.264, H.263, H.263+, H.261<\/p>\n<p>\u2022\u00a0ITU-T H.239<\/p>\n<p>\u2022\u00a0VME (Video Motion Enhancement)<\/td>\n<\/tr>\n<tr>\n<td><strong>People Video Resolution<\/strong><\/p>\n<p><strong>\u00a0<\/strong><\/td>\n<td>\u2022\u00a01080p(optional), 720p, 4CIF\/4SIF<\/p>\n<p>\u2022\u00a01080p 30fps(optional), 720p 50\/60fps<\/p>\n<p>(optional), 720p 30fps<\/p>\n<p>\u2022\u00a0512kbps for 720p 30fps<\/p>\n<p>\u2022\u00a0768kbp for720p 50\/60fps<\/p>\n<p>\u2022\u00a01Mbps for 1080p 30fps<\/p>\n<p>\u2022\u00a0VideoIntensifier<\/p>\n<p>\u2022\u00a0ViewProcessing<\/td>\n<\/tr>\n<tr>\n<td><strong>Camera<\/strong><\/p>\n<p><strong>\u00a0<\/strong><\/td>\n<td>\u2022\u00a0Embedded High Quality CMOS Camera<\/p>\n<p>\u2022\u00a0Video Capture Resolution: 1080p<\/p>\n<p>\u2022\u00a0Automatic Exposure(AE), Automatic White Balance (AWB)<\/p>\n<p>\u2022\u00a0Manual Picture Parameters Control<\/p>\n<p>\u2022\u00a0Rotatable<\/p>\n<p>\u2022\u00a0Private Protection Switch<\/td>\n<\/tr>\n<tr>\n<td><strong>Display<\/strong><\/p>\n<p><strong>\u00a0<\/strong><\/td>\n<td>\u2022\u00a021.5 Inch 16:9 LCD<\/p>\n<p>\u2022\u00a0Resolution: 1080p<\/p>\n<p>\u2022\u00a0Luminance: &gt;200cd\/m2<\/p>\n<p>\u2022\u00a0Response Time: &lt;5ms<\/p>\n<p>\u2022\u00a0View Angle: -Horizontal: 70 degree<\/p>\n<p>-Vertical: 65 degree<\/p>\n<p>\u2022\u00a0Contrast: 700<\/p>\n<p>\u2022\u00a0Luminance, Contrast Control, Rotatable<\/p>\n<p>\u2022\u00a0Support External Source Input<\/td>\n<\/tr>\n<tr>\n<td><strong>Sound System<\/strong><\/p>\n<p><strong>\u00a0<\/strong><\/td>\n<td>\u2022\u00a02xEmbedded Mics, Support External Mics<\/p>\n<p>&nbsp;<\/p>\n<p>\u2022\u00a02xEmbedded Stereo Loudspeakers<\/td>\n<\/tr>\n<tr>\n<td><strong>Content Video Resolution<\/strong><\/p>\n<p><strong>\u00a0<\/strong><\/td>\n<td>\u2022\u00a0SXGA(1280&#215;1024) , XGA(1024&#215;768)<\/p>\n<p>\u2022\u00a0SVGA(800&#215;600) , VGA(640&#215;480)<\/td>\n<\/tr>\n<tr>\n<td><strong>Audio Standard &amp; Protocols<\/strong><\/p>\n<p><strong>\u00a0<\/strong><\/td>\n<td>\u2022\u00a0AAC-LD Stereo, G.722, G.711, G.728<\/p>\n<p>\u2022\u00a0HWA-LD Stereo : Huawei Audio Broadband Low Delay Stereo<\/p>\n<p>\u2022\u00a0Acoustic Echo Cancellation (AEC)<\/p>\n<p>\u2022\u00a0Acoustic Noise Suppression (ANS) 12 dB<\/p>\n<p>\u2022\u00a0Automatic Gain Control (AGC) \u00b1 6 dB<\/p>\n<p>\u2022\u00a0VoiceClear<\/p>\n<p>\u2022\u00a0AudioEnhancer<\/p>\n<p>\u2022\u00a0Audio-Lip Synchronization<\/td>\n<\/tr>\n<tr>\n<td><strong>Other ITU-Supported Standards<\/strong><\/p>\n<p><strong>\u00a0<\/strong><\/td>\n<td>\u2022\u00a0H.221, H.225, H.230, H.231, H.233, H.234, H.235, H.241, H.242, H.243, H.245, H.281, H.283, H.350, H.460, T.140<\/td>\n<\/tr>\n<tr>\n<td><strong>Network<\/strong><\/p>\n<p><strong>\u00a0<\/strong><\/td>\n<td>\u00a0\u2022\u00a0Communication Standards: ITU-T H.323,<\/p>\n<p>IETF SIP<\/p>\n<p>\u2022\u00a0Network Standards: TCP\/IP, FTP, DHCP, SNMP, Telnet, HTTP , HTTPS, PPPoE, RTP,<\/p>\n<p>RTCP<\/p>\n<p>\u2022\u00a0Interface:<\/p>\n<p>-1-port IP, 10\/100 Base-T, 2xRJ45 connectors<\/p>\n<p>-1-port wireless ( WCDMA, CDMA2000 EV-DO), USB connectors<\/p>\n<p>\u2022\u00a0Bandwidth<\/p>\n<p>-IP: 64kbps~4Mbps<\/p>\n<p>-IP: Total 8Mbps (available: Supports up\u00a0to 4 HD video endpoints + 3 voice\u00a0terminals to join the conference)<\/td>\n<\/tr>\n<tr>\n<td><strong>Interface<\/strong><\/p>\n<p><strong>\u00a0<\/strong><\/td>\n<td>\u2022\u00a0Audio Input Interfaces<\/p>\n<p>-1&#215;3.5mm line in jack -1&#215;3.5mm mic jack<\/p>\n<p>\u2022\u00a0Audio Output Interfaces<\/p>\n<p>-1&#215;3.5mm earphone jack -1&#215;3.5mm line out jack<\/p>\n<p>\u2022\u00a0Video Input Interface<\/p>\n<p>-1xDVI \/ YPbPr \/ VGA<\/p>\n<p>Video Output Interface<\/p>\n<p>-1xDVI \/ YPbPr \/ VGA<\/p>\n<p>\u2022 1xUSB ports<\/td>\n<\/tr>\n<tr>\n<td><strong>Security<\/strong><\/p>\n<p><strong>\u00a0<\/strong><\/td>\n<td>\u2022\u00a0H.235 signaling and media stream encryption<\/p>\n<p>\u2022\u00a0AES media stream encryption<\/p>\n<p>\u2022\u00a0Conference access password<\/p>\n<p>\u2022\u00a0Conference control password<\/p>\n<p>\u2022\u00a0Administrator password<\/p>\n<p>\u2022\u00a0H.323 ID and number binding<\/p>\n<p>\u2022\u00a0IP address and number binding<\/td>\n<\/tr>\n<tr>\n<td><strong>Electrical<\/strong><\/p>\n<p><strong>\u00a0<\/strong><\/td>\n<td>\u2022\u00a0Working voltage: 100-240V AC<\/p>\n<p>\u2022\u00a0Working frequency: 50-60Hz<\/p>\n<p>\u2022\u00a0Power consumption: 100W<\/td>\n<\/tr>\n<tr>\n<td><strong>\u00a0<\/strong><\/p>\n<p><strong>Environmental Specification<\/strong><\/p>\n<p><strong>\u00a0<\/strong><\/td>\n<td>\u2022\u00a0Operating Temperature: 0-40\u00cb\u0161C<\/p>\n<p>\u2022\u00a0Operating Humidity: 10-80% Non-Operating<\/p>\n<p>Temperature: -40\u00cb\u0161-85\u00cb\u0161C<\/p>\n<p>\u2022\u00a0Non-Operating Humidity (Non-condensing): 0-95%<\/p>\n<p>\u2022\u00a0Peripheral noise: &lt; 46 dBA SPL<\/p>\n<p>\u2022\u00a0Lowest illuminance: 15 lux<\/p>\n<p>\u2022\u00a0Recommended illuminance: &gt; 300 lux<\/p>\n<p>\u2022\u00a0Physical Characteristics<\/p>\n<p>\u2022\u00a0CodecDimensions(LxWxH):<\/p>\n<p>542mmx114mmx490mm<\/p>\n<p>\u2022\u00a0Package Dimensions(LxWxH): 685mmx269mmx685mm<\/p>\n<p>\u2022\u00a0Weight: 8.2 kg<\/td>\n<\/tr>\n<\/tbody>\n<\/table>","protected":false},"excerpt":{"rendered":"<p>&lt; tbody &gt;<\/p>\n<table>\n<tbody>\n<tr>\n<td class=\"label\">Model:<\/td>\n<td>Huawei VC8M7VPEN VP9050 HD Videoconferencing Personal Desktop Endpoint<\/td>\n<\/tr>\n<tr>\n<td>Detail:<\/td>\n<td>Huawei VC8M7VPEN VP9050,Videoconferencing Terminal(1080P,touch screen,cables-Switzerland)<\/td>\n<\/tr>\n<\/tbody>\n<\/table>","protected":false},"featured_media":60191,"comment_status":"open","ping_status":"closed","template":"","meta":[],"product_brand":[],"product_cat":[1107],"product_tag":[],"class_list":{"0":"post-35831","1":"product","2":"type-product","3":"status-publish","4":"has-post-thumbnail","6":"product_cat-huawei-video-conferencing-hd-video-conferencing-endpoints-huawei","8":"first","9":"instock","10":"shipping-taxable","11":"purchasable","12":"product-type-simple"},"_links":{"self":[{"href":"https:\/\/greencode.ge\/en\/wp-json\/wp\/v2\/product\/35831","targetHints":{"allow":["GET"]}}],"collection":[{"href":"https:\/\/greencode.ge\/en\/wp-json\/wp\/v2\/product"}],"about":[{"href":"https:\/\/greencode.ge\/en\/wp-json\/wp\/v2\/types\/product"}],"replies":[{"embeddable":true,"href":"https:\/\/greencode.ge\/en\/wp-json\/wp\/v2\/comments?post=35831"}],"wp:featuredmedia":[{"embeddable":true,"href":"https:\/\/greencode.ge\/en\/wp-json\/wp\/v2\/media\/60191"}],"wp:attachment":[{"href":"https:\/\/greencode.ge\/en\/wp-json\/wp\/v2\/media?parent=35831"}],"wp:term":[{"taxonomy":"product_brand","embeddable":true,"href":"https:\/\/greencode.ge\/en\/wp-json\/wp\/v2\/product_brand?post=35831"},{"taxonomy":"product_cat","embeddable":true,"href":"https:\/\/greencode.ge\/en\/wp-json\/wp\/v2\/product_cat?post=35831"},{"taxonomy":"product_tag","embeddable":true,"href":"https:\/\/greencode.ge\/en\/wp-json\/wp\/v2\/product_tag?post=35831"}],"curies":[{"name":"wp","href":"https:\/\/api.w.org\/{rel}","templated":true}]}}